{"id":21553,"date":"2026-02-04T11:48:07","date_gmt":"2026-02-04T11:48:07","guid":{"rendered":"https:\/\/vraji.sk\/homepage\/"},"modified":"2026-02-04T11:48:09","modified_gmt":"2026-02-04T11:48:09","slug":"homepage","status":"publish","type":"page","link":"https:\/\/vraji.sk\/de\/","title":{"rendered":"Homepage"},"content":{"rendered":"<h1 style=\"text-align: center;\"><span class=\"estethic-big\" style=\"color: #69b023;\">Entdecken Sie Spi\u0161 \u2013 ein kleines St\u00fcck Paradies, Traditionen, Sehensw\u00fcrdigkeiten und jede Menge Erlebnisse<\/span><\/h1>\n\n<div class=\"row\">\n    <div class=\"col\">\n        <hr class=\"mt-45 mb-45\">\n    <\/div>\n<\/div>\n\n    <div class=\"row border border-primary rounded-lg border-5px mx-0  mb-45\">\n        <div href=\"https:\/\/vraji.sk\/de\/posilnene-letne-spoje-do-slovenskeho-raja-a-na-juzny-spis\/\" class=\"col-md-6 px-4 py-45 py-md-56 order-md-2\">\n\n            <h2 class=\"mb-45 text-center text-md-left\">\n                SOMMERBUS und verst\u00e4rkte Verbindungen ins Slowakische Paradies und in den s\u00fcdlichen Spi\u0161            <\/h2>\n\n            <p class=\"mb-45 d-none d-md-block\">\n                Auch in diesem Sommer verbessern die Sommerverbindungen die Erreichbarkeit der touristischen Zentren in unserer Region.             <\/p>\n\n            <div class=\"text-center\">\n                <a href=\"https:\/\/vraji.sk\/de\/posilnene-letne-spoje-do-slovenskeho-raja-a-na-juzny-spis\/\" class=\"btn btn-outline-primary btn-lg\">\n                    #Sommerverbindungen                <\/a>\n            <\/div>\n\n        <\/div>\n\n        <div class=\"col-md-6 pl-0 pr-0 pr-md-3 order-md-1 \">\n            <div class=\"background-cover-center min-vh-13rem h-100 rounded-left\" style=\"background-image: url('https:\/\/vraji.sk\/wp-content\/uploads\/2025\/05\/LCD_doRaja_1280x720px.jpg');\"><\/div>\n        <\/div>\n    <\/div>\n\n\n\n\n<div class=\"row\">\n    <div class=\"col\">\n        <hr class=\"mt-45 mb-45\">\n    <\/div>\n<\/div>\n<h2 class=\"wp-block-heading has-text-align-center\">Brauchen Sie Tipps f\u00fcr Ausfl\u00fcge? Lassen Sie sich inspirieren. <\/h2>\n<div class=\"row\">\n    \n                <div class=\"col-sm-6 col-lg-3 pb-3\">\n                    <div class=\"bg-logo-green rounded-lg border border-5px border-logo-green box-shadow\">\n                        <div class=\"bg-white rounded-lg text-center\">\n                            <img decoding=\"async\" class=\"my-45\" src=\"https:\/\/vraji.sk\/wp-content\/uploads\/2021\/10\/priroda.svg\" style=\"height: 150px; width: 150px;\">\n                        <\/div>\n\n                        <div class=\"my-3 text-center\">\n                            <a href=\"\/objav-region-typ\/priroda\/\" class=\"btn btn-lg btn-light text-logo-dark-green\">\n                                Natur                            <\/a>\n                        <\/div>\n                    <\/div>\n                <\/div>\n            \n                <div class=\"col-sm-6 col-lg-3 pb-3\">\n                    <div class=\"bg-logo-yellow rounded-lg border border-5px border-logo-yellow box-shadow\">\n                        <div class=\"bg-white rounded-lg text-center\">\n                            <img decoding=\"async\" class=\"my-45\" src=\"https:\/\/vraji.sk\/wp-content\/uploads\/2021\/10\/zazitky.svg\" style=\"height: 150px; width: 150px;\">\n                        <\/div>\n\n                        <div class=\"my-3 text-center\">\n                            <a href=\"\/objav-region-typ\/zazitky\/\" class=\"btn btn-lg btn-light text-logo-red\">\n                                Erlebnisse                            <\/a>\n                        <\/div>\n                    <\/div>\n                <\/div>\n            \n                <div class=\"col-sm-6 col-lg-3 pb-3\">\n                    <div class=\"bg-logo-light-brown rounded-lg border border-5px border-logo-light-brown box-shadow\">\n                        <div class=\"bg-white rounded-lg text-center\">\n                            <img decoding=\"async\" class=\"my-45\" src=\"https:\/\/vraji.sk\/wp-content\/uploads\/2021\/10\/kultura.svg\" style=\"height: 150px; width: 150px;\">\n                        <\/div>\n\n                        <div class=\"my-3 text-center\">\n                            <a href=\"\/objav-region-typ\/kultura\/\" class=\"btn btn-lg btn-light text-logo-brown\">\n                                Kultur                            <\/a>\n                        <\/div>\n                    <\/div>\n                <\/div>\n            \n                <div class=\"col-sm-6 col-lg-3 pb-3\">\n                    <div class=\"bg-logo-blue rounded-lg border border-5px border-logo-blue box-shadow\">\n                        <div class=\"bg-white rounded-lg text-center\">\n                            <img decoding=\"async\" class=\"my-45\" src=\"https:\/\/vraji.sk\/wp-content\/uploads\/2021\/10\/podujatia.svg\" style=\"height: 150px; width: 150px;\">\n                        <\/div>\n\n                        <div class=\"my-3 text-center\">\n                            <a href=\"\/podujatia\" class=\"btn btn-lg btn-light text-logo-dark-blue\">\n                                Veranstaltungen                            <\/a>\n                        <\/div>\n                    <\/div>\n                <\/div>\n            <\/div>\n\n<div class=\"row\">\n    <div class=\"col\">\n        <hr class=\"mt-45 mb-45\">\n    <\/div>\n<\/div>\n<h2 class=\"wp-block-heading has-text-align-center\">Erkunden Sie die Umgebung \u2013 Wanderkarte<\/h2>\n\n<div class=\"row\">\n    <div class=\"col\">\n        <!-- 16:9 aspect ratio -->\n        <div class=\"embed-responsive embed-responsive-2by1\">\n            <iframe class=\"embed-responsive-item\" src=\"https:\/\/www.google.com\/maps\/d\/embed?mid=1JaTKhYK2pOX8JBUP4y6YlLsvWiTjf2A&#038;ehbc=2E312F\"><\/iframe>\n        <\/div>\n    <\/div>\n<\/div>\n<div class=\"row\">\n    <div class=\"col\">\n        <hr class=\"mt-45 mb-45\">\n    <\/div>\n<\/div>\n<h2 class=\"wp-block-heading has-text-align-center\">Verfolgen Sie die Neuigkeiten aus der Region<\/h2>\n\n<div class=\"row\">\n    <div class=\"col-md-6 pb-45\">\n        <div class=\"embed-responsive embed-responsive-16by9\">\n            <iframe src=\"https:\/\/www.youtube.com\/embed\/B-NX23Oas5s\" title=\"YouTube video player\" frameborder=\"0\" allow=\"accelerometer; autoplay; clipboard-write; encrypted-media; gyroscope; picture-in-picture\" allowfullscreen><\/iframe>\n        <\/div>\n    <\/div>\n    <div class=\"col-md-6 pb-45\">\n        <div class=\"embed-responsive embed-responsive-16by9\">\n            <iframe src=\"https:\/\/www.youtube.com\/embed\/QUJJRhLQmls\" title=\"YouTube video player\" frameborder=\"0\" allow=\"accelerometer; autoplay; clipboard-write; encrypted-media; gyroscope; picture-in-picture\" allowfullscreen><\/iframe>\n        <\/div>\n    <\/div>\n<\/div>\n<div class=\"row justify-content-center\">   \n    \n<div class=\"col-md-6 col-lg-4 pb-45\">\n\t<!-- \tArray\n(\n    [0] => WP_Term Object\n        (\n            [term_id] => 170\n            [name] => Auf Langlaufskiern\n            [slug] => auf-langlaufskiern\n            [term_group] => 0\n            [term_taxonomy_id] => 170\n            [taxonomy] => discover-region-type\n            [description] => \n            [parent] => 0\n            [count] => 1\n            [filter] => raw\n        )\n\n    [1] => WP_Term Object\n        (\n            [term_id] => 173\n            [name] => Auf Skiern\n            [slug] => auf-skiern\n            [term_group] => 0\n            [term_taxonomy_id] => 173\n            [taxonomy] => discover-region-type\n            [description] => \n            [parent] => 0\n            [count] => 1\n            [filter] => raw\n        )\n\n)\n -->\n\t<a href=\"https:\/\/vraji.sk\/de\/objav-region\/auf-langlaufskiern\/skifahren-im-slowakischen-paradies-bietet-gemuetliche-resorts-und-kilometerlange-langlaufloipen\/\" style=\"color:inherit;text-decoration:none;\">\n\t\t<article class=\"preview d-flex flex-column post-21794 discover-region type-discover-region status-publish has-post-thumbnail hentry discover-region-type-auf-langlaufskiern discover-region-type-auf-skiern\" id=\"post-21794\">\n\t\t\t<img decoding=\"async\" class=\"rounded-top\" src=\"https:\/\/vraji.sk\/wp-content\/uploads\/2021\/12\/ski-centrum-mraznica19703311-1-300x150.png\" alt=\"\">\n\n\t\t\t<header class=\"entry-header\">\n\n\t\t\t\t<h3 class=\"entry-title mb-0\">Skifahren im Slowakischen Paradies bietet gem\u00fctliche Resorts und kilometerlange Langlaufloipen<\/h3>\n\t\t\t\t<p class=\"label-small mb-0\"> <\/p>\n\t\t\t\t<p class=\"label-small mb-0\"><\/p>\n\t\t\t<\/header><!-- .entry-header -->\n\n\n\t\t\t<div class=\"entry-content\">\n\n\t\t\t\t<p>Liebhaber des Wintersports kommen im Slowakischen Paradies voll auf ihre Kosten. Die Region bietet k<\/p>\n\n\t\t\t\t\n\t\t\t<\/div><!-- .entry-content -->\n\n\t\t\t<footer class=\"entry-footer text-right\">\n\t\t\t\t<button type=\"button\" class=\"btn btn-primary btn-lg\">\n\t\t\t\t\t<!-- \u010citaj viac -->\n\t\t\t\t\tObjav viac\t\t\t\t<\/button>\n\n\t\t\t<\/footer><!-- .entry-footer -->\n\n\t\t<\/article><!-- #post-## -->\n\t<\/a>\n<\/div>\n<div class=\"col-md-6 col-lg-4 pb-45\">\n\t<!-- \tArray\n(\n    [0] => WP_Term Object\n        (\n            [term_id] => 172\n            [name] => Auf Pferden\n            [slug] => auf-pferden\n            [term_group] => 0\n            [term_taxonomy_id] => 172\n            [taxonomy] => discover-region-type\n            [description] => \n            [parent] => 0\n            [count] => 2\n            [filter] => raw\n        )\n\n)\n -->\n\t<a href=\"https:\/\/vraji.sk\/de\/objav-region\/auf-pferden\/hippotourismus-im-slowakischen-paradies\/\" style=\"color:inherit;text-decoration:none;\">\n\t\t<article class=\"preview d-flex flex-column post-21782 discover-region type-discover-region status-publish has-post-thumbnail hentry discover-region-type-auf-pferden\" id=\"post-21782\">\n\t\t\t<img decoding=\"async\" class=\"rounded-top\" src=\"https:\/\/vraji.sk\/wp-content\/uploads\/2021\/12\/ben-collins-7UNk-HYxh9Y-unsplash-1-300x150.jpg\" alt=\"\">\n\n\t\t\t<header class=\"entry-header\">\n\n\t\t\t\t<h3 class=\"entry-title mb-0\">Hippotourismus im Slowakischen Paradies<\/h3>\n\t\t\t\t<p class=\"label-small mb-0\"> <\/p>\n\t\t\t\t<p class=\"label-small mb-0\"><\/p>\n\t\t\t<\/header><!-- .entry-header -->\n\n\n\t\t\t<div class=\"entry-content\">\n\n\t\t\t\t<p>Verbinden Sie sich mit der Natur des Slowakischen Paradieses bei einem Ausritt. Der Hipot-Tourismus <\/p>\n\n\t\t\t\t\n\t\t\t<\/div><!-- .entry-content -->\n\n\t\t\t<footer class=\"entry-footer text-right\">\n\t\t\t\t<button type=\"button\" class=\"btn btn-primary btn-lg\">\n\t\t\t\t\t<!-- \u010citaj viac -->\n\t\t\t\t\tObjav viac\t\t\t\t<\/button>\n\n\t\t\t<\/footer><!-- .entry-footer -->\n\n\t\t<\/article><!-- #post-## -->\n\t<\/a>\n<\/div>\n<div class=\"col-md-6 col-lg-4 pb-45\">\n\t<!-- \tArray\n(\n    [0] => WP_Term Object\n        (\n            [term_id] => 177\n            [name] => Erlebnisse\n            [slug] => erlebnisse\n            [term_group] => 0\n            [term_taxonomy_id] => 177\n            [taxonomy] => discover-region-type\n            [description] => \n            [parent] => 0\n            [count] => 1\n            [filter] => raw\n        )\n\n    [1] => WP_Term Object\n        (\n            [term_id] => 175\n            [name] => Natur\n            [slug] => natur\n            [term_group] => 0\n            [term_taxonomy_id] => 175\n            [taxonomy] => discover-region-type\n            [description] => \n            [parent] => 0\n            [count] => 1\n            [filter] => raw\n        )\n\n)\n -->\n\t<a href=\"https:\/\/vraji.sk\/de\/objav-region\/erlebnisse\/die-schoenheit-des-slowakischen-paradieses-in-der-umgebung-des-dorfes-stratena\/\" style=\"color:inherit;text-decoration:none;\">\n\t\t<article class=\"preview d-flex flex-column post-21667 discover-region type-discover-region status-publish has-post-thumbnail hentry discover-region-type-erlebnisse discover-region-type-natur\" id=\"post-21667\">\n\t\t\t<img decoding=\"async\" class=\"rounded-top\" src=\"https:\/\/vraji.sk\/wp-content\/uploads\/2022\/03\/Dobsinska-Ladova-Jaskyna-web-300x150.jpg\" alt=\"\">\n\n\t\t\t<header class=\"entry-header\">\n\n\t\t\t\t<h3 class=\"entry-title mb-0\">Die Sch\u00f6nheit des Slowakischen Paradieses in der Umgebung des Dorfes Straten\u00e1<\/h3>\n\t\t\t\t<p class=\"label-small mb-0\"> <\/p>\n\t\t\t\t<p class=\"label-small mb-0\"><\/p>\n\t\t\t<\/header><!-- .entry-header -->\n\n\n\t\t\t<div class=\"entry-content\">\n\n\t\t\t\t<p>Der S\u00fcden des Slowakischen Paradieses in der N\u00e4he des Bergdorfes Straten\u00e1 verf\u00fcgt \u00fcber einen au<\/p>\n\n\t\t\t\t\n\t\t\t<\/div><!-- .entry-content -->\n\n\t\t\t<footer class=\"entry-footer text-right\">\n\t\t\t\t<button type=\"button\" class=\"btn btn-primary btn-lg\">\n\t\t\t\t\t<!-- \u010citaj viac -->\n\t\t\t\t\tObjav viac\t\t\t\t<\/button>\n\n\t\t\t<\/footer><!-- .entry-footer -->\n\n\t\t<\/article><!-- #post-## -->\n\t<\/a>\n<\/div><\/div>","protected":false},"excerpt":{"rendered":"<p>Entdecken Sie Spi\u0161 \u2013 ein kleines St\u00fcck Paradies, Traditionen, Sehensw\u00fcrdigkeiten und jede Menge<\/p>\n","protected":false},"author":1,"featured_media":21555,"parent":0,"menu_order":0,"comment_status":"closed","ping_status":"closed","template":"page-templates\/homepage.php","meta":{"_acf_changed":false,"footnotes":""},"class_list":["post-21553","page","type-page","status-publish","has-post-thumbnail","hentry"],"acf":[],"yoast_head":"<!-- This site is optimized with the Yoast SEO plugin v27.5 - https:\/\/yoast.com\/product\/yoast-seo-wordpress\/ -->\n<title>Entdecken Sie die Sch\u00f6nheiten des Slowakischen Paradieses und der Region Spi\u0161 - OOCR<\/title>\n<meta name=\"description\" content=\"Entdecken Sie die Sch\u00f6nheiten des Slowakischen Paradieses und der Region Spi\u0161 \u2013 ein kleines St\u00fcck Paradies voller Traditionen, Sehensw\u00fcrdigkeiten und unvergesslicher Erlebnisse.\" \/>\n<meta name=\"robots\" content=\"index, follow, max-snippet:-1, max-image-preview:large, max-video-preview:-1\" \/>\n<link rel=\"canonical\" href=\"https:\/\/vraji.sk\/de\/\" \/>\n<meta property=\"og:locale\" content=\"de_DE\" \/>\n<meta property=\"og:type\" content=\"article\" \/>\n<meta property=\"og:title\" content=\"Entdecken Sie die Sch\u00f6nheiten des Slowakischen Paradieses und der Region Spi\u0161 - OOCR\" \/>\n<meta property=\"og:description\" content=\"Entdecken Sie die Sch\u00f6nheiten des Slowakischen Paradieses und der Region Spi\u0161 \u2013 ein kleines St\u00fcck Paradies voller Traditionen, Sehensw\u00fcrdigkeiten und unvergesslicher Erlebnisse.\" \/>\n<meta property=\"og:url\" content=\"https:\/\/vraji.sk\/de\/\" \/>\n<meta property=\"og:site_name\" content=\"OOCR\" \/>\n<meta property=\"article:modified_time\" content=\"2026-02-04T11:48:09+00:00\" \/>\n<meta property=\"og:image\" content=\"https:\/\/vraji.sk\/wp-content\/uploads\/2022\/06\/Turisticka-karta-strana-z-brozury.jpg\" \/>\n\t<meta property=\"og:image:width\" content=\"1240\" \/>\n\t<meta property=\"og:image:height\" content=\"647\" \/>\n\t<meta property=\"og:image:type\" content=\"image\/jpeg\" \/>\n<meta name=\"twitter:card\" content=\"summary_large_image\" \/>\n<script type=\"application\/ld+json\" class=\"yoast-schema-graph\">{\"@context\":\"https:\\\/\\\/schema.org\",\"@graph\":[{\"@type\":\"WebPage\",\"@id\":\"https:\\\/\\\/vraji.sk\\\/de\\\/\",\"url\":\"https:\\\/\\\/vraji.sk\\\/de\\\/\",\"name\":\"Entdecken Sie die Sch\u00f6nheiten des Slowakischen Paradieses und der Region Spi\u0161 - OOCR\",\"isPartOf\":{\"@id\":\"https:\\\/\\\/vraji.sk\\\/de\\\/#website\"},\"primaryImageOfPage\":{\"@id\":\"https:\\\/\\\/vraji.sk\\\/de\\\/#primaryimage\"},\"image\":{\"@id\":\"https:\\\/\\\/vraji.sk\\\/de\\\/#primaryimage\"},\"thumbnailUrl\":\"https:\\\/\\\/vraji.sk\\\/wp-content\\\/uploads\\\/2022\\\/06\\\/Turisticka-karta-strana-z-brozury.jpg\",\"datePublished\":\"2026-02-04T11:48:07+00:00\",\"dateModified\":\"2026-02-04T11:48:09+00:00\",\"description\":\"Entdecken Sie die Sch\u00f6nheiten des Slowakischen Paradieses und der Region Spi\u0161 \u2013 ein kleines St\u00fcck Paradies voller Traditionen, Sehensw\u00fcrdigkeiten und unvergesslicher Erlebnisse.\",\"breadcrumb\":{\"@id\":\"https:\\\/\\\/vraji.sk\\\/de\\\/#breadcrumb\"},\"inLanguage\":\"de\",\"potentialAction\":[{\"@type\":\"ReadAction\",\"target\":[\"https:\\\/\\\/vraji.sk\\\/de\\\/\"]}]},{\"@type\":\"ImageObject\",\"inLanguage\":\"de\",\"@id\":\"https:\\\/\\\/vraji.sk\\\/de\\\/#primaryimage\",\"url\":\"https:\\\/\\\/vraji.sk\\\/wp-content\\\/uploads\\\/2022\\\/06\\\/Turisticka-karta-strana-z-brozury.jpg\",\"contentUrl\":\"https:\\\/\\\/vraji.sk\\\/wp-content\\\/uploads\\\/2022\\\/06\\\/Turisticka-karta-strana-z-brozury.jpg\",\"width\":1240,\"height\":647},{\"@type\":\"BreadcrumbList\",\"@id\":\"https:\\\/\\\/vraji.sk\\\/de\\\/#breadcrumb\",\"itemListElement\":[{\"@type\":\"ListItem\",\"position\":1,\"name\":\"Home\",\"item\":\"https:\\\/\\\/vraji.sk\\\/de\\\/homepage\\\/\"},{\"@type\":\"ListItem\",\"position\":2,\"name\":\"Homepage\"}]},{\"@type\":\"WebSite\",\"@id\":\"https:\\\/\\\/vraji.sk\\\/de\\\/#website\",\"url\":\"https:\\\/\\\/vraji.sk\\\/de\\\/\",\"name\":\"OOCR\",\"description\":\"Regi\u00f3n Slovensk\u00fd raj a Spi\u0161 | Z\u00e1\u017eitky, turistika, hist\u00f3ria | vRaji.sk\",\"publisher\":{\"@id\":\"https:\\\/\\\/vraji.sk\\\/de\\\/#organization\"},\"potentialAction\":[{\"@type\":\"SearchAction\",\"target\":{\"@type\":\"EntryPoint\",\"urlTemplate\":\"https:\\\/\\\/vraji.sk\\\/de\\\/?s={search_term_string}\"},\"query-input\":{\"@type\":\"PropertyValueSpecification\",\"valueRequired\":true,\"valueName\":\"search_term_string\"}}],\"inLanguage\":\"de\"},{\"@type\":\"Organization\",\"@id\":\"https:\\\/\\\/vraji.sk\\\/de\\\/#organization\",\"name\":\"OOCR\",\"url\":\"https:\\\/\\\/vraji.sk\\\/de\\\/\",\"logo\":{\"@type\":\"ImageObject\",\"inLanguage\":\"de\",\"@id\":\"https:\\\/\\\/vraji.sk\\\/de\\\/#\\\/schema\\\/logo\\\/image\\\/\",\"url\":\"https:\\\/\\\/vraji.sk\\\/wp-content\\\/uploads\\\/2021\\\/11\\\/biele-logo-1.svg\",\"contentUrl\":\"https:\\\/\\\/vraji.sk\\\/wp-content\\\/uploads\\\/2021\\\/11\\\/biele-logo-1.svg\",\"caption\":\"OOCR\"},\"image\":{\"@id\":\"https:\\\/\\\/vraji.sk\\\/de\\\/#\\\/schema\\\/logo\\\/image\\\/\"}}]}<\/script>\n<!-- \/ Yoast SEO plugin. -->","yoast_head_json":{"title":"Entdecken Sie die Sch\u00f6nheiten des Slowakischen Paradieses und der Region Spi\u0161 - OOCR","description":"Entdecken Sie die Sch\u00f6nheiten des Slowakischen Paradieses und der Region Spi\u0161 \u2013 ein kleines St\u00fcck Paradies voller Traditionen, Sehensw\u00fcrdigkeiten und unvergesslicher Erlebnisse.","robots":{"index":"index","follow":"follow","max-snippet":"max-snippet:-1","max-image-preview":"max-image-preview:large","max-video-preview":"max-video-preview:-1"},"canonical":"https:\/\/vraji.sk\/de\/","og_locale":"de_DE","og_type":"article","og_title":"Entdecken Sie die Sch\u00f6nheiten des Slowakischen Paradieses und der Region Spi\u0161 - OOCR","og_description":"Entdecken Sie die Sch\u00f6nheiten des Slowakischen Paradieses und der Region Spi\u0161 \u2013 ein kleines St\u00fcck Paradies voller Traditionen, Sehensw\u00fcrdigkeiten und unvergesslicher Erlebnisse.","og_url":"https:\/\/vraji.sk\/de\/","og_site_name":"OOCR","article_modified_time":"2026-02-04T11:48:09+00:00","og_image":[{"width":1240,"height":647,"url":"https:\/\/vraji.sk\/wp-content\/uploads\/2022\/06\/Turisticka-karta-strana-z-brozury.jpg","type":"image\/jpeg"}],"twitter_card":"summary_large_image","schema":{"@context":"https:\/\/schema.org","@graph":[{"@type":"WebPage","@id":"https:\/\/vraji.sk\/de\/","url":"https:\/\/vraji.sk\/de\/","name":"Entdecken Sie die Sch\u00f6nheiten des Slowakischen Paradieses und der Region Spi\u0161 - OOCR","isPartOf":{"@id":"https:\/\/vraji.sk\/de\/#website"},"primaryImageOfPage":{"@id":"https:\/\/vraji.sk\/de\/#primaryimage"},"image":{"@id":"https:\/\/vraji.sk\/de\/#primaryimage"},"thumbnailUrl":"https:\/\/vraji.sk\/wp-content\/uploads\/2022\/06\/Turisticka-karta-strana-z-brozury.jpg","datePublished":"2026-02-04T11:48:07+00:00","dateModified":"2026-02-04T11:48:09+00:00","description":"Entdecken Sie die Sch\u00f6nheiten des Slowakischen Paradieses und der Region Spi\u0161 \u2013 ein kleines St\u00fcck Paradies voller Traditionen, Sehensw\u00fcrdigkeiten und unvergesslicher Erlebnisse.","breadcrumb":{"@id":"https:\/\/vraji.sk\/de\/#breadcrumb"},"inLanguage":"de","potentialAction":[{"@type":"ReadAction","target":["https:\/\/vraji.sk\/de\/"]}]},{"@type":"ImageObject","inLanguage":"de","@id":"https:\/\/vraji.sk\/de\/#primaryimage","url":"https:\/\/vraji.sk\/wp-content\/uploads\/2022\/06\/Turisticka-karta-strana-z-brozury.jpg","contentUrl":"https:\/\/vraji.sk\/wp-content\/uploads\/2022\/06\/Turisticka-karta-strana-z-brozury.jpg","width":1240,"height":647},{"@type":"BreadcrumbList","@id":"https:\/\/vraji.sk\/de\/#breadcrumb","itemListElement":[{"@type":"ListItem","position":1,"name":"Home","item":"https:\/\/vraji.sk\/de\/homepage\/"},{"@type":"ListItem","position":2,"name":"Homepage"}]},{"@type":"WebSite","@id":"https:\/\/vraji.sk\/de\/#website","url":"https:\/\/vraji.sk\/de\/","name":"OOCR","description":"Regi\u00f3n Slovensk\u00fd raj a Spi\u0161 | Z\u00e1\u017eitky, turistika, hist\u00f3ria | vRaji.sk","publisher":{"@id":"https:\/\/vraji.sk\/de\/#organization"},"potentialAction":[{"@type":"SearchAction","target":{"@type":"EntryPoint","urlTemplate":"https:\/\/vraji.sk\/de\/?s={search_term_string}"},"query-input":{"@type":"PropertyValueSpecification","valueRequired":true,"valueName":"search_term_string"}}],"inLanguage":"de"},{"@type":"Organization","@id":"https:\/\/vraji.sk\/de\/#organization","name":"OOCR","url":"https:\/\/vraji.sk\/de\/","logo":{"@type":"ImageObject","inLanguage":"de","@id":"https:\/\/vraji.sk\/de\/#\/schema\/logo\/image\/","url":"https:\/\/vraji.sk\/wp-content\/uploads\/2021\/11\/biele-logo-1.svg","contentUrl":"https:\/\/vraji.sk\/wp-content\/uploads\/2021\/11\/biele-logo-1.svg","caption":"OOCR"},"image":{"@id":"https:\/\/vraji.sk\/de\/#\/schema\/logo\/image\/"}}]}},"_links":{"self":[{"href":"https:\/\/vraji.sk\/de\/wp-json\/wp\/v2\/pages\/21553","targetHints":{"allow":["GET"]}}],"collection":[{"href":"https:\/\/vraji.sk\/de\/wp-json\/wp\/v2\/pages"}],"about":[{"href":"https:\/\/vraji.sk\/de\/wp-json\/wp\/v2\/types\/page"}],"author":[{"embeddable":true,"href":"https:\/\/vraji.sk\/de\/wp-json\/wp\/v2\/users\/1"}],"replies":[{"embeddable":true,"href":"https:\/\/vraji.sk\/de\/wp-json\/wp\/v2\/comments?post=21553"}],"version-history":[{"count":1,"href":"https:\/\/vraji.sk\/de\/wp-json\/wp\/v2\/pages\/21553\/revisions"}],"predecessor-version":[{"id":21556,"href":"https:\/\/vraji.sk\/de\/wp-json\/wp\/v2\/pages\/21553\/revisions\/21556"}],"wp:featuredmedia":[{"embeddable":true,"href":"https:\/\/vraji.sk\/de\/wp-json\/wp\/v2\/media\/21555"}],"wp:attachment":[{"href":"https:\/\/vraji.sk\/de\/wp-json\/wp\/v2\/media?parent=21553"}],"curies":[{"name":"wp","href":"https:\/\/api.w.org\/{rel}","templated":true}]}}