{"id":21561,"date":"2026-02-04T12:21:13","date_gmt":"2026-02-04T12:21:13","guid":{"rendered":"https:\/\/vraji.sk\/reisefuehrer\/"},"modified":"2026-02-04T12:21:15","modified_gmt":"2026-02-04T12:21:15","slug":"reisefuehrer","status":"publish","type":"page","link":"https:\/\/vraji.sk\/de\/reisefuehrer\/","title":{"rendered":"Reisef\u00fchrer"},"content":{"rendered":"\n<h1 class=\"wp-block-heading has-text-align-center\">Reisef\u00fchrer<\/h1>\n\n<div class=\"row no-gutters justify-content-around position-relative py-45\">\n        <div class=\"col-12 col-md-3 text-center\">\n            <div class=\"tourist-guide-card\">\n                <img decoding=\"async\" class=\"rounded-circle mb-0 mb-md-45\" style=\"max-height: 120px;\" src=\"https:\/\/vraji.sk\/wp-content\/uploads\/2021\/12\/Naplanuj_vylet.svg\">\n\n                <div class=\"d-flex align-items-center justify-content-center ml-auto ml-md-0\">\n                    <h3 class=\"mb-0 text-white text-center\"><a href=\"..\/objav-region\/\" style=\"color:#FFFFFF;\">Planen Sie Ihren Ausflug<\/a><\/h3>\n                <\/div>\n            <\/div>\n        <\/div>\n\n        <div class=\"col-12 col-md-3 text-center\">\n            <div class=\"tourist-guide-card\">\n                <img decoding=\"async\" class=\"rounded-circle mb-0 mb-md-45\" style=\"max-height: 120px;\" src=\"https:\/\/vraji.sk\/wp-content\/uploads\/2021\/12\/Ziskaj_mapu.svg\">\n\n                <div class=\"d-flex align-items-center justify-content-center ml-auto ml-md-0\">\n                    <h3 class=\"mb-0 text-white text-center\"><a href=\"#mapatuisticka1\" style=\"color:#FFFFFF;\">Holen Sie sich die Karte<\/a><\/h3>\n                <\/div>\n            <\/div>\n        <\/div>\n\n        <div class=\"col-12 col-md-3 text-center\">\n            <div class=\"tourist-guide-card\">\n                <img decoding=\"async\" class=\"rounded-circle mb-0 mb-md-45\" style=\"max-height: 120px;\" src=\"https:\/\/vraji.sk\/wp-content\/uploads\/2021\/12\/Pozri-pocasie.svg\">\n\n                <div class=\"d-flex align-items-center justify-content-center ml-auto ml-md-0\">\n                    <h3 class=\"mb-0 text-white text-center\"> <a href=\"#pocasiekotva\" style=\"color:#FFFFFF;\">Sehen Sie sich das Wetter an<\/a>        <\/h3>\n                <\/div>\n            <\/div>\n        <\/div>\n\n        <div class=\"col-12 col-md-3 text-center\">\n            <div class=\"tourist-guide-card\">\n                <img decoding=\"async\" class=\"rounded-circle mb-0 mb-md-45\" style=\"max-height: 120px;\" src=\"https:\/\/vraji.sk\/wp-content\/uploads\/2021\/12\/Zbieraj_zazitky.svg\">\n\n                <div class=\"d-flex align-items-center justify-content-center ml-auto ml-md-0\">\n                    <h3 class=\"mb-0 text-white text-center\"><a href=\"..\/objav-region-typ\/zazitky\/\" style=\"color:#FFFFFF;\">Sammeln Sie Erlebnisse<\/a><\/h3>\n                <\/div>\n            <\/div>\n        <\/div>\n\n        <img decoding=\"async\" class=\"tourist-guide-card-img d-none d-md-block\" src=\"https:\/\/vraji.sk\/wp-content\/themes\/oocr-theme\/media\/tourist-guide\/line-horizontal.svg\" alt=\"\">\n        <img decoding=\"async\" class=\"tourist-guide-card-img d-block d-md-none\" src=\"https:\/\/vraji.sk\/wp-content\/themes\/oocr-theme\/media\/tourist-guide\/line-vertical.svg\">\n    <\/div>\n\n<div class=\"row\">\n    <div class=\"col\">\n        <hr class=\"mt-45 mb-45\">\n    <\/div>\n<\/div>\n<h1 class=\"wp-block-heading has-text-align-center\">Dienstleistungen in der Region<\/h1>\n\n<div class=\"row\">\n            <div class=\"col-12 col-md-6 col-lg-3 pb-45\">\n\t\t\t            <a href=\"https:\/\/vraji.sk\/de\/dienstleistungen-in-der-region\/abenteuer\/\">\n                <div class=\"embed-responsive embed-responsive-1by1 rounded-lg box-shadow position-relative\">\n                    <img decoding=\"async\" style=\"filter:opacity(60%);\" class=\"embed-responsive-item\" style=\"object-fit: cover;\" src=\"https:\/\/vraji.sk\/wp-content\/uploads\/2021\/11\/Dobrodruzstvo-foto.jpg\">\n\n                    <div class=\"center-xy\">\n                        <p class=\"label-big text-black mb-0 text-nowrap\">Abenteuer<\/p>\n                    <\/div>\n                <\/div>\n            <\/a>\n        <\/div>\n            <div class=\"col-12 col-md-6 col-lg-3 pb-45\">\n\t\t\t            <a href=\"https:\/\/vraji.sk\/de\/dienstleistungen-in-der-region\/entspannen-sie-sich\/\">\n                <div class=\"embed-responsive embed-responsive-1by1 rounded-lg box-shadow position-relative\">\n                    <img decoding=\"async\" style=\"filter:opacity(60%);\" class=\"embed-responsive-item\" style=\"object-fit: cover;\" src=\"https:\/\/vraji.sk\/wp-content\/uploads\/2021\/12\/Oddychni-si.jpg\">\n\n                    <div class=\"center-xy\">\n                        <p class=\"label-big text-black mb-0 text-nowrap\">Entspannen Sie sich<\/p>\n                    <\/div>\n                <\/div>\n            <\/a>\n        <\/div>\n            <div class=\"col-12 col-md-6 col-lg-3 pb-45\">\n\t\t\t            <a href=\"https:\/\/vraji.sk\/de\/dienstleistungen-in-der-region\/probieren-sie-spis\/\">\n                <div class=\"embed-responsive embed-responsive-1by1 rounded-lg box-shadow position-relative\">\n                    <img decoding=\"async\" style=\"filter:opacity(60%);\" class=\"embed-responsive-item\" style=\"object-fit: cover;\" src=\"https:\/\/vraji.sk\/wp-content\/uploads\/2021\/12\/Ochutnaj-spis.jpg\">\n\n                    <div class=\"center-xy\">\n                        <p class=\"label-big text-black mb-0 text-nowrap\">Probieren Sie Spi\u0161<\/p>\n                    <\/div>\n                <\/div>\n            <\/a>\n        <\/div>\n            <div class=\"col-12 col-md-6 col-lg-3 pb-45\">\n\t\t\t            <a href=\"https:\/\/vraji.sk\/de\/dienstleistungen-in-der-region\/unterkunft\/\">\n                <div class=\"embed-responsive embed-responsive-1by1 rounded-lg box-shadow position-relative\">\n                    <img decoding=\"async\" style=\"filter:opacity(60%);\" class=\"embed-responsive-item\" style=\"object-fit: cover;\" src=\"https:\/\/vraji.sk\/wp-content\/uploads\/2021\/12\/ubytuj-sa-.jpg\">\n\n                    <div class=\"center-xy\">\n                        <p class=\"label-big text-black mb-0 text-nowrap\">Unterkunft<\/p>\n                    <\/div>\n                <\/div>\n            <\/a>\n        <\/div>\n    <\/div>\n\n<div class=\"row\">\n    <div class=\"col\">\n        <hr class=\"mt-45 mb-45\">\n    <\/div>\n<\/div>\n<h2 class=\"wp-block-heading has-text-align-center\" id=\"mapatuisticka1\">Touristische Karte<\/h2>\n\n<p>Mit unserer interaktiven Karte finden Sie sich auch in Straten\u00e1 zurecht. Sie bietet alle wichtigen Informationen zu Wanderwegen, Radwegen, Bergen, Aussichtspunkten, Unterk\u00fcnften und gastronomischen Tipps. Begeben Sie sich mit der Wanderkarte auf eine Reise und entdecken Sie die Sch\u00f6nheiten der Region Spi\u0161.  <\/p>\n\n<div class=\"row\">\n    <div class=\"col\">\n        <!-- 16:9 aspect ratio -->\n        <div class=\"embed-responsive embed-responsive-2by1\">\n            <iframe class=\"embed-responsive-item\" src=\"https:\/\/www.google.com\/maps\/d\/embed?mid=19v26FV_s7l7Vq4tBtooG9fYqqxBipCJH\"><\/iframe>\n        <\/div>\n    <\/div>\n<\/div>\n<div class=\"row\">\n    <div class=\"col\">\n        <hr class=\"mt-45 mb-45\">\n    <\/div>\n<\/div>\n<h2 class=\"wp-block-heading has-text-align-center\">Verfolgen Sie die Neuigkeiten aus der Region<\/h2>\n\n<div class=\"row\">\n    <div class=\"col-md-6 pb-45\">\n        <div class=\"embed-responsive embed-responsive-16by9\">\n            <iframe src=\"https:\/\/www.youtube.com\/embed\/B-NX23Oas5s\" title=\"YouTube video player\" frameborder=\"0\" allow=\"accelerometer; autoplay; clipboard-write; encrypted-media; gyroscope; picture-in-picture\" allowfullscreen><\/iframe>\n        <\/div>\n    <\/div>\n    <div class=\"col-md-6 pb-45\">\n        <div class=\"embed-responsive embed-responsive-16by9\">\n            <iframe src=\"https:\/\/www.youtube.com\/embed\/QUJJRhLQmls\" title=\"YouTube video player\" frameborder=\"0\" allow=\"accelerometer; autoplay; clipboard-write; encrypted-media; gyroscope; picture-in-picture\" allowfullscreen><\/iframe>\n        <\/div>\n    <\/div>\n<\/div>\n<p id=\"pocasiekotva\"><\/p>\n","protected":false},"excerpt":{"rendered":"<p>Reisef\u00fchrer Dienstleistungen in der Region Touristische Karte Mit unserer interaktiven Karte finden<\/p>\n","protected":false},"author":1,"featured_media":0,"parent":0,"menu_order":0,"comment_status":"closed","ping_status":"closed","template":"page-templates\/full-width-page.php","meta":{"_acf_changed":false,"footnotes":""},"class_list":["post-21561","page","type-page","status-publish","hentry"],"acf":[],"yoast_head":"<!-- This site is optimized with the Yoast SEO plugin v27.5 - https:\/\/yoast.com\/product\/yoast-seo-wordpress\/ -->\n<title>Reisef\u00fchrer - OOCR<\/title>\n<meta name=\"robots\" content=\"index, follow, max-snippet:-1, max-image-preview:large, max-video-preview:-1\" \/>\n<link rel=\"canonical\" href=\"https:\/\/vraji.sk\/de\/reisefuehrer\/\" \/>\n<meta property=\"og:locale\" content=\"de_DE\" \/>\n<meta property=\"og:type\" content=\"article\" \/>\n<meta property=\"og:title\" content=\"Reisef\u00fchrer - OOCR\" \/>\n<meta property=\"og:description\" content=\"Reisef\u00fchrer Dienstleistungen in der Region Touristische Karte Mit unserer interaktiven Karte finden\" \/>\n<meta property=\"og:url\" content=\"https:\/\/vraji.sk\/de\/reisefuehrer\/\" \/>\n<meta property=\"og:site_name\" content=\"OOCR\" \/>\n<meta property=\"article:modified_time\" content=\"2026-02-04T12:21:15+00:00\" \/>\n<meta name=\"twitter:card\" content=\"summary_large_image\" \/>\n<script type=\"application\/ld+json\" class=\"yoast-schema-graph\">{\"@context\":\"https:\\\/\\\/schema.org\",\"@graph\":[{\"@type\":\"WebPage\",\"@id\":\"https:\\\/\\\/vraji.sk\\\/de\\\/reisefuehrer\\\/\",\"url\":\"https:\\\/\\\/vraji.sk\\\/de\\\/reisefuehrer\\\/\",\"name\":\"Reisef\u00fchrer - OOCR\",\"isPartOf\":{\"@id\":\"https:\\\/\\\/vraji.sk\\\/de\\\/#website\"},\"datePublished\":\"2026-02-04T12:21:13+00:00\",\"dateModified\":\"2026-02-04T12:21:15+00:00\",\"breadcrumb\":{\"@id\":\"https:\\\/\\\/vraji.sk\\\/de\\\/reisefuehrer\\\/#breadcrumb\"},\"inLanguage\":\"de\",\"potentialAction\":[{\"@type\":\"ReadAction\",\"target\":[\"https:\\\/\\\/vraji.sk\\\/de\\\/reisefuehrer\\\/\"]}]},{\"@type\":\"BreadcrumbList\",\"@id\":\"https:\\\/\\\/vraji.sk\\\/de\\\/reisefuehrer\\\/#breadcrumb\",\"itemListElement\":[{\"@type\":\"ListItem\",\"position\":1,\"name\":\"Home\",\"item\":\"https:\\\/\\\/vraji.sk\\\/de\\\/homepage\\\/\"},{\"@type\":\"ListItem\",\"position\":2,\"name\":\"Reisef\u00fchrer\"}]},{\"@type\":\"WebSite\",\"@id\":\"https:\\\/\\\/vraji.sk\\\/de\\\/#website\",\"url\":\"https:\\\/\\\/vraji.sk\\\/de\\\/\",\"name\":\"OOCR\",\"description\":\"Regi\u00f3n Slovensk\u00fd raj a Spi\u0161 | Z\u00e1\u017eitky, turistika, hist\u00f3ria | vRaji.sk\",\"publisher\":{\"@id\":\"https:\\\/\\\/vraji.sk\\\/de\\\/#organization\"},\"potentialAction\":[{\"@type\":\"SearchAction\",\"target\":{\"@type\":\"EntryPoint\",\"urlTemplate\":\"https:\\\/\\\/vraji.sk\\\/de\\\/?s={search_term_string}\"},\"query-input\":{\"@type\":\"PropertyValueSpecification\",\"valueRequired\":true,\"valueName\":\"search_term_string\"}}],\"inLanguage\":\"de\"},{\"@type\":\"Organization\",\"@id\":\"https:\\\/\\\/vraji.sk\\\/de\\\/#organization\",\"name\":\"OOCR\",\"url\":\"https:\\\/\\\/vraji.sk\\\/de\\\/\",\"logo\":{\"@type\":\"ImageObject\",\"inLanguage\":\"de\",\"@id\":\"https:\\\/\\\/vraji.sk\\\/de\\\/#\\\/schema\\\/logo\\\/image\\\/\",\"url\":\"https:\\\/\\\/vraji.sk\\\/wp-content\\\/uploads\\\/2021\\\/11\\\/biele-logo-1.svg\",\"contentUrl\":\"https:\\\/\\\/vraji.sk\\\/wp-content\\\/uploads\\\/2021\\\/11\\\/biele-logo-1.svg\",\"caption\":\"OOCR\"},\"image\":{\"@id\":\"https:\\\/\\\/vraji.sk\\\/de\\\/#\\\/schema\\\/logo\\\/image\\\/\"}}]}<\/script>\n<!-- \/ Yoast SEO plugin. -->","yoast_head_json":{"title":"Reisef\u00fchrer - OOCR","robots":{"index":"index","follow":"follow","max-snippet":"max-snippet:-1","max-image-preview":"max-image-preview:large","max-video-preview":"max-video-preview:-1"},"canonical":"https:\/\/vraji.sk\/de\/reisefuehrer\/","og_locale":"de_DE","og_type":"article","og_title":"Reisef\u00fchrer - OOCR","og_description":"Reisef\u00fchrer Dienstleistungen in der Region Touristische Karte Mit unserer interaktiven Karte finden","og_url":"https:\/\/vraji.sk\/de\/reisefuehrer\/","og_site_name":"OOCR","article_modified_time":"2026-02-04T12:21:15+00:00","twitter_card":"summary_large_image","schema":{"@context":"https:\/\/schema.org","@graph":[{"@type":"WebPage","@id":"https:\/\/vraji.sk\/de\/reisefuehrer\/","url":"https:\/\/vraji.sk\/de\/reisefuehrer\/","name":"Reisef\u00fchrer - OOCR","isPartOf":{"@id":"https:\/\/vraji.sk\/de\/#website"},"datePublished":"2026-02-04T12:21:13+00:00","dateModified":"2026-02-04T12:21:15+00:00","breadcrumb":{"@id":"https:\/\/vraji.sk\/de\/reisefuehrer\/#breadcrumb"},"inLanguage":"de","potentialAction":[{"@type":"ReadAction","target":["https:\/\/vraji.sk\/de\/reisefuehrer\/"]}]},{"@type":"BreadcrumbList","@id":"https:\/\/vraji.sk\/de\/reisefuehrer\/#breadcrumb","itemListElement":[{"@type":"ListItem","position":1,"name":"Home","item":"https:\/\/vraji.sk\/de\/homepage\/"},{"@type":"ListItem","position":2,"name":"Reisef\u00fchrer"}]},{"@type":"WebSite","@id":"https:\/\/vraji.sk\/de\/#website","url":"https:\/\/vraji.sk\/de\/","name":"OOCR","description":"Regi\u00f3n Slovensk\u00fd raj a Spi\u0161 | Z\u00e1\u017eitky, turistika, hist\u00f3ria | vRaji.sk","publisher":{"@id":"https:\/\/vraji.sk\/de\/#organization"},"potentialAction":[{"@type":"SearchAction","target":{"@type":"EntryPoint","urlTemplate":"https:\/\/vraji.sk\/de\/?s={search_term_string}"},"query-input":{"@type":"PropertyValueSpecification","valueRequired":true,"valueName":"search_term_string"}}],"inLanguage":"de"},{"@type":"Organization","@id":"https:\/\/vraji.sk\/de\/#organization","name":"OOCR","url":"https:\/\/vraji.sk\/de\/","logo":{"@type":"ImageObject","inLanguage":"de","@id":"https:\/\/vraji.sk\/de\/#\/schema\/logo\/image\/","url":"https:\/\/vraji.sk\/wp-content\/uploads\/2021\/11\/biele-logo-1.svg","contentUrl":"https:\/\/vraji.sk\/wp-content\/uploads\/2021\/11\/biele-logo-1.svg","caption":"OOCR"},"image":{"@id":"https:\/\/vraji.sk\/de\/#\/schema\/logo\/image\/"}}]}},"_links":{"self":[{"href":"https:\/\/vraji.sk\/de\/wp-json\/wp\/v2\/pages\/21561","targetHints":{"allow":["GET"]}}],"collection":[{"href":"https:\/\/vraji.sk\/de\/wp-json\/wp\/v2\/pages"}],"about":[{"href":"https:\/\/vraji.sk\/de\/wp-json\/wp\/v2\/types\/page"}],"author":[{"embeddable":true,"href":"https:\/\/vraji.sk\/de\/wp-json\/wp\/v2\/users\/1"}],"replies":[{"embeddable":true,"href":"https:\/\/vraji.sk\/de\/wp-json\/wp\/v2\/comments?post=21561"}],"version-history":[{"count":1,"href":"https:\/\/vraji.sk\/de\/wp-json\/wp\/v2\/pages\/21561\/revisions"}],"predecessor-version":[{"id":21562,"href":"https:\/\/vraji.sk\/de\/wp-json\/wp\/v2\/pages\/21561\/revisions\/21562"}],"wp:attachment":[{"href":"https:\/\/vraji.sk\/de\/wp-json\/wp\/v2\/media?parent=21561"}],"curies":[{"name":"wp","href":"https:\/\/api.w.org\/{rel}","templated":true}]}}