{"id":3394,"date":"2021-12-02T03:00:11","date_gmt":"2021-12-02T03:00:11","guid":{"rendered":"https:\/\/oocr.targetovo.sk\/homepage\/"},"modified":"2025-04-08T11:39:18","modified_gmt":"2025-04-08T11:39:18","slug":"homepage","status":"publish","type":"page","link":"https:\/\/vraji.sk\/en\/","title":{"rendered":"Homepage"},"content":{"rendered":"<p style=\"text-align: center;\"><span class=\"estethic-big\" style=\"color: #69b023;\">Discover Spi\u0161 &#8211; a small piece of paradise, traditions, monuments and a mountain of experiences<\/span><\/p>\n\n<div class=\"row\">\n    <div class=\"col\">\n        <hr class=\"mt-45 mb-45\">\n    <\/div>\n<\/div>\n\n    <div class=\"row border border-primary rounded-lg border-5px mx-0 mb-45\">\n        <div href=\"https:\/\/vraji.sk\/en\/discover-region\/cross-country-skiing\/cross-country-skiing-trails-in-the-slovak-paradise-discover-beautiful-places-on-cross-country-skis\/\" class=\"col-md-6 px-4 py-45 py-md-56\">\n            <h2 class=\"mb-45 text-center text-md-left\">\n                Cross-country skiing            <\/h2>\n\n            <p class=\"mb-45 d-none d-md-block\">\n                Discover the beauties of the region on cross-country skis. Slovak Paradise offers kilometers of groomed trails. The unique feature is cross-country skiing on the frozen surface of the dam Palcmansk\u00e1 ma\u0161a or crossing the frozen river Horn\u00e1d. Experience an adventure of a lifetime. Slovak Paradise offers kilometers of groomed trails. The unique feature is cross-country skiing on the frozen surface of the dam Palcmansk\u00e1 ma\u0161a or crossing the frozen river Horn\u00e1d. Experience an adventure of a lifetime.            <\/p>\n\n            <div class=\"text-center\">\n                <a href=\"https:\/\/vraji.sk\/en\/discover-region\/cross-country-skiing\/cross-country-skiing-trails-in-the-slovak-paradise-discover-beautiful-places-on-cross-country-skis\/\" class=\"btn btn-primary btn-lg\">\n                    #interactivemap                <\/a>\n            <\/div>\n        <\/div>\n\n        <div class=\"col-md-6 pl-0 pl-md-3 pr-0\">\n            <div class=\"background-cover-center min-vh-13rem h-100 rounded-right\" style=\"background-image: url('https:\/\/vraji.sk\/wp-content\/uploads\/2021\/11\/Bezecky-areal-Grajnar-stredne.jpg');\"><\/div>\n        <\/div>\n    <\/div>\n\n\n\n\n\n    <div class=\"row border border-primary rounded-lg border-5px mx-0  mb-45\">\n        <div href=\"\" class=\"col-md-6 px-4 py-45 py-md-56 order-md-2\">\n\n            <h2 class=\"mb-45 text-center text-md-left\">\n                Ask for a tourist card            <\/h2>\n\n            <p class=\"mb-45 d-none d-md-block\">\n                The tourist card Slovensk\u00fd raj and Spi\u0161 is here for everyone &#8211; free of charge &#8211; when staying in one of the partner accommodation facilities. The card is full of attractive discounts on tourist attractions and services. Enjoy skiing in Telg\u00e1rt, swimming in Vrbov or Ferrata Kyse\u013e at lower prices. The card is full of attractive discounts on tourist attractions and services. Enjoy skiing in Telg\u00e1rt, swimming in Vrbov or Ferrata Kyse\u013e at lower prices.            <\/p>\n\n            <div class=\"text-center\">\n                <a href=\"\" class=\"btn btn-outline-primary btn-lg\">\n                    #getbenefits                <\/a>\n            <\/div>\n\n        <\/div>\n\n        <div class=\"col-md-6 pl-0 pr-0 pr-md-3 order-md-1 \">\n            <div class=\"background-cover-center min-vh-13rem h-100 rounded-left\" style=\"background-image: url('https:\/\/vraji.sk\/wp-content\/uploads\/2021\/10\/photo_2021-12-20_12-48-31-2.jpg');\"><\/div>\n        <\/div>\n    <\/div>\n\n\n\n\n<div class=\"row\">\n    <div class=\"col\">\n        <hr class=\"mt-45 mb-45\">\n    <\/div>\n<\/div>\n<h2 class=\"has-text-align-center wp-block-heading\">Need some tips for trips? Get inspired. Get inspired.<\/h2>\n<div class=\"row\">\n    \n                <div class=\"col-sm-6 col-lg-3 pb-3\">\n                    <div class=\"bg-logo-green rounded-lg border border-5px border-logo-green box-shadow\">\n                        <div class=\"bg-white rounded-lg text-center\">\n                            <img decoding=\"async\" class=\"my-45\" src=\"https:\/\/vraji.sk\/wp-content\/uploads\/2021\/10\/priroda.svg\" style=\"height: 150px; width: 150px;\">\n                        <\/div>\n\n                        <div class=\"my-3 text-center\">\n                            <a href=\"\/objav-region-typ\/priroda\/\" class=\"btn btn-lg btn-light text-logo-dark-green\">\n                                Nature                            <\/a>\n                        <\/div>\n                    <\/div>\n                <\/div>\n            \n                <div class=\"col-sm-6 col-lg-3 pb-3\">\n                    <div class=\"bg-logo-yellow rounded-lg border border-5px border-logo-yellow box-shadow\">\n                        <div class=\"bg-white rounded-lg text-center\">\n                            <img decoding=\"async\" class=\"my-45\" src=\"https:\/\/vraji.sk\/wp-content\/uploads\/2021\/10\/zazitky.svg\" style=\"height: 150px; width: 150px;\">\n                        <\/div>\n\n                        <div class=\"my-3 text-center\">\n                            <a href=\"\/objav-region-typ\/zazitky\/\" class=\"btn btn-lg btn-light text-logo-red\">\n                                Adventures                            <\/a>\n                        <\/div>\n                    <\/div>\n                <\/div>\n            \n                <div class=\"col-sm-6 col-lg-3 pb-3\">\n                    <div class=\"bg-logo-light-brown rounded-lg border border-5px border-logo-light-brown box-shadow\">\n                        <div class=\"bg-white rounded-lg text-center\">\n                            <img decoding=\"async\" class=\"my-45\" src=\"https:\/\/vraji.sk\/wp-content\/uploads\/2021\/10\/kultura.svg\" style=\"height: 150px; width: 150px;\">\n                        <\/div>\n\n                        <div class=\"my-3 text-center\">\n                            <a href=\"\/objav-region-typ\/kultura\/\" class=\"btn btn-lg btn-light text-logo-brown\">\n                                Culture                            <\/a>\n                        <\/div>\n                    <\/div>\n                <\/div>\n            \n                <div class=\"col-sm-6 col-lg-3 pb-3\">\n                    <div class=\"bg-logo-blue rounded-lg border border-5px border-logo-blue box-shadow\">\n                        <div class=\"bg-white rounded-lg text-center\">\n                            <img decoding=\"async\" class=\"my-45\" src=\"https:\/\/vraji.sk\/wp-content\/uploads\/2021\/10\/podujatia.svg\" style=\"height: 150px; width: 150px;\">\n                        <\/div>\n\n                        <div class=\"my-3 text-center\">\n                            <a href=\"\/podujatia\" class=\"btn btn-lg btn-light text-logo-dark-blue\">\n                                Events                            <\/a>\n                        <\/div>\n                    <\/div>\n                <\/div>\n            <\/div>\n\n<div class=\"row\">\n    <div class=\"col\">\n        <hr class=\"mt-45 mb-45\">\n    <\/div>\n<\/div>\n<h2 class=\"has-text-align-center wp-block-heading\">Explore the surroundings &#8211; Tourist map<\/h2>\n\n<div class=\"row\">\n    <div class=\"col\">\n        <!-- 16:9 aspect ratio -->\n        <div class=\"embed-responsive embed-responsive-2by1\">\n            <iframe class=\"embed-responsive-item\" src=\"https:\/\/www.google.com\/maps\/d\/embed?mid=1JaTKhYK2pOX8JBUP4y6YlLsvWiTjf2A&#038;ehbc=2E312F\"><\/iframe>\n        <\/div>\n    <\/div>\n<\/div>\n<div class=\"row\">\n    <div class=\"col\">\n        <hr class=\"mt-45 mb-45\">\n    <\/div>\n<\/div>\n<h2 class=\"has-text-align-center wp-block-heading\">Follow the latest news from the region<\/h2>\n\n<div class=\"row\">\n    <div class=\"col-md-6 pb-45\">\n        <div class=\"embed-responsive embed-responsive-16by9\">\n            <iframe src=\"https:\/\/www.youtube.com\/embed\/B-NX23Oas5s\" title=\"YouTube video player\" frameborder=\"0\" allow=\"accelerometer; autoplay; clipboard-write; encrypted-media; gyroscope; picture-in-picture\" allowfullscreen><\/iframe>\n        <\/div>\n    <\/div>\n    <div class=\"col-md-6 pb-45\">\n        <div class=\"embed-responsive embed-responsive-16by9\">\n            <iframe src=\"https:\/\/www.youtube.com\/embed\/QUJJRhLQmls\" title=\"YouTube video player\" frameborder=\"0\" allow=\"accelerometer; autoplay; clipboard-write; encrypted-media; gyroscope; picture-in-picture\" allowfullscreen><\/iframe>\n        <\/div>\n    <\/div>\n<\/div>\n<div class=\"row justify-content-center\">   \n    \n<div class=\"col-md-6 col-lg-4 pb-45\">\n\t<!-- \tArray\n(\n    [0] => WP_Term Object\n        (\n            [term_id] => 75\n            [name] => Hiking\n            [slug] => hiking\n            [term_group] => 0\n            [term_taxonomy_id] => 75\n            [taxonomy] => discover-region-type\n            [description] => \n            [parent] => 0\n            [count] => 14\n            [filter] => raw\n        )\n\n)\n -->\n\t<a href=\"https:\/\/vraji.sk\/en\/discover-region\/hiking\/through-the-mysterious-great-falcon-to-the-waters-of-the-palcmanska-masa\/\" style=\"color:inherit;text-decoration:none;\">\n\t\t<article class=\"preview d-flex flex-column post-18828 discover-region type-discover-region status-publish has-post-thumbnail hentry discover-region-type-hiking\" id=\"post-18828\">\n\t\t\t<img decoding=\"async\" class=\"rounded-top\" src=\"https:\/\/vraji.sk\/wp-content\/uploads\/2022\/05\/Velky-Sokol-1-300x150.jpg\" alt=\"\">\n\n\t\t\t<header class=\"entry-header\">\n\n\t\t\t\t<h3 class=\"entry-title mb-0\">Through the mysterious Great Falcon to the waters of the Palcmansk\u00e1 Ma\u0161a<\/h3>\n\t\t\t\t<p class=\"label-small mb-0\"> <\/p>\n\t\t\t\t<p class=\"label-small mb-0\"><\/p>\n\t\t\t<\/header><!-- .entry-header -->\n\n\n\t\t\t<div class=\"entry-content\">\n\n\t\t\t\t<p>Hrabu\u0161ice, Sawmill &#8211; Ve\u013ek\u00fd Sokol &#8211; Glack\u00e1 cesta &#8211; Geravy &#8211; Dedinky Ve\u013ek<\/p>\n\n\t\t\t\t\n\t\t\t<\/div><!-- .entry-content -->\n\n\t\t\t<footer class=\"entry-footer text-right\">\n\t\t\t\t<button type=\"button\" class=\"btn btn-primary btn-lg\">\n\t\t\t\t\t<!-- \u010citaj viac -->\n\t\t\t\t\tRead more\t\t\t\t<\/button>\n\n\t\t\t<\/footer><!-- .entry-footer -->\n\n\t\t<\/article><!-- #post-## -->\n\t<\/a>\n<\/div>\n<div class=\"col-md-6 col-lg-4 pb-45\">\n\t<!-- \tArray\n(\n    [0] => WP_Term Object\n        (\n            [term_id] => 75\n            [name] => Hiking\n            [slug] => hiking\n            [term_group] => 0\n            [term_taxonomy_id] => 75\n            [taxonomy] => discover-region-type\n            [description] => \n            [parent] => 0\n            [count] => 14\n            [filter] => raw\n        )\n\n)\n -->\n\t<a href=\"https:\/\/vraji.sk\/en\/discover-region\/hiking\/adventure-with-a-taste-of-adrenaline-in-kyseli\/\" style=\"color:inherit;text-decoration:none;\">\n\t\t<article class=\"preview d-flex flex-column post-18827 discover-region type-discover-region status-publish has-post-thumbnail hentry discover-region-type-hiking\" id=\"post-18827\">\n\t\t\t<img decoding=\"async\" class=\"rounded-top\" src=\"https:\/\/vraji.sk\/wp-content\/uploads\/2022\/05\/Ferrata-Kysel-1-300x150.jpg\" alt=\"\">\n\n\t\t\t<header class=\"entry-header\">\n\n\t\t\t\t<h3 class=\"entry-title mb-0\">Adventure with a taste of adrenaline in Kyseli<\/h3>\n\t\t\t\t<p class=\"label-small mb-0\"> <\/p>\n\t\t\t\t<p class=\"label-small mb-0\"><\/p>\n\t\t\t<\/header><!-- .entry-header -->\n\n\n\t\t\t<div class=\"entry-content\">\n\n\t\t\t\t<p>\u010cingov &#8211; Tom\u00e1\u0161ovsk\u00e1 Bel\u00e1 &#8211; Ferrata HZS Kysel &#8211; Ve\u013ek\u00fd Kysel &#8211; Tom\u00e1\u0161o<\/p>\n\n\t\t\t\t\n\t\t\t<\/div><!-- .entry-content -->\n\n\t\t\t<footer class=\"entry-footer text-right\">\n\t\t\t\t<button type=\"button\" class=\"btn btn-primary btn-lg\">\n\t\t\t\t\t<!-- \u010citaj viac -->\n\t\t\t\t\tRead more\t\t\t\t<\/button>\n\n\t\t\t<\/footer><!-- .entry-footer -->\n\n\t\t<\/article><!-- #post-## -->\n\t<\/a>\n<\/div>\n<div class=\"col-md-6 col-lg-4 pb-45\">\n\t<!-- \tArray\n(\n    [0] => WP_Term Object\n        (\n            [term_id] => 75\n            [name] => Hiking\n            [slug] => hiking\n            [term_group] => 0\n            [term_taxonomy_id] => 75\n            [taxonomy] => discover-region-type\n            [description] => \n            [parent] => 0\n            [count] => 14\n            [filter] => raw\n        )\n\n)\n -->\n\t<a href=\"https:\/\/vraji.sk\/en\/discover-region\/hiking\/a-trip-into-the-mysterious-depths-of-the-mining-past-of-southern-spis\/\" style=\"color:inherit;text-decoration:none;\">\n\t\t<article class=\"preview d-flex flex-column post-18826 discover-region type-discover-region status-publish has-post-thumbnail hentry discover-region-type-hiking\" id=\"post-18826\">\n\t\t\t<img decoding=\"async\" class=\"rounded-top\" src=\"https:\/\/vraji.sk\/wp-content\/uploads\/2022\/05\/Hnilcik-male-1-300x150.jpg\" alt=\"\">\n\n\t\t\t<header class=\"entry-header\">\n\n\t\t\t\t<h3 class=\"entry-title mb-0\">A trip into the mysterious depths of the mining past of southern Spi\u0161<\/h3>\n\t\t\t\t<p class=\"label-small mb-0\"> <\/p>\n\t\t\t\t<p class=\"label-small mb-0\"><\/p>\n\t\t\t<\/header><!-- .entry-header -->\n\n\n\t\t\t<div class=\"entry-content\">\n\n\t\t\t\t<p>Spi\u0161sk\u00e1 Nov\u00e1 Ves &#8211; Hnil\u010d\u00edk, mining museum &#8211; Z\u00e1vadka &#8211; mining museum Por\u00e1\u010d <\/p>\n\n\t\t\t\t\n\t\t\t<\/div><!-- .entry-content -->\n\n\t\t\t<footer class=\"entry-footer text-right\">\n\t\t\t\t<button type=\"button\" class=\"btn btn-primary btn-lg\">\n\t\t\t\t\t<!-- \u010citaj viac -->\n\t\t\t\t\tRead more\t\t\t\t<\/button>\n\n\t\t\t<\/footer><!-- .entry-footer -->\n\n\t\t<\/article><!-- #post-## -->\n\t<\/a>\n<\/div><\/div>","protected":false},"excerpt":{"rendered":"<p>Discover Spi\u0161 &#8211; a small piece of paradise, traditions, monuments and a mountain of experience<\/p>\n","protected":false},"author":1,"featured_media":10024,"parent":0,"menu_order":0,"comment_status":"closed","ping_status":"closed","template":"page-templates\/homepage.php","meta":{"_acf_changed":false,"footnotes":""},"class_list":["post-3394","page","type-page","status-publish","has-post-thumbnail","hentry"],"acf":[],"yoast_head":"<!-- This site is optimized with the Yoast SEO plugin v27.4 - https:\/\/yoast.com\/product\/yoast-seo-wordpress\/ -->\n<title>Homepage - OOCR<\/title>\n<meta name=\"robots\" content=\"index, follow, max-snippet:-1, max-image-preview:large, max-video-preview:-1\" \/>\n<link rel=\"canonical\" href=\"https:\/\/vraji.sk\/en\/\" \/>\n<meta property=\"og:locale\" content=\"en_US\" \/>\n<meta property=\"og:type\" content=\"article\" \/>\n<meta property=\"og:title\" content=\"Homepage - OOCR\" \/>\n<meta property=\"og:description\" content=\"Discover Spi\u0161 &#8211; a small piece of paradise, traditions, monuments and a mountain of experience\" \/>\n<meta property=\"og:url\" content=\"https:\/\/vraji.sk\/en\/\" \/>\n<meta property=\"og:site_name\" content=\"OOCR\" \/>\n<meta property=\"article:modified_time\" content=\"2025-04-08T11:39:18+00:00\" \/>\n<meta property=\"og:image\" content=\"https:\/\/vraji.sk\/wp-content\/uploads\/2022\/06\/Turisticka-karta-strana-z-brozury.jpg\" \/>\n\t<meta property=\"og:image:width\" content=\"1240\" \/>\n\t<meta property=\"og:image:height\" content=\"647\" \/>\n\t<meta property=\"og:image:type\" content=\"image\/jpeg\" \/>\n<meta name=\"twitter:card\" content=\"summary_large_image\" \/>\n<meta name=\"twitter:label1\" content=\"Est. reading time\" \/>\n\t<meta name=\"twitter:data1\" content=\"1 minute\" \/>\n<script type=\"application\/ld+json\" class=\"yoast-schema-graph\">{\"@context\":\"https:\\\/\\\/schema.org\",\"@graph\":[{\"@type\":\"WebPage\",\"@id\":\"https:\\\/\\\/vraji.sk\\\/en\\\/\",\"url\":\"https:\\\/\\\/vraji.sk\\\/en\\\/\",\"name\":\"Homepage - OOCR\",\"isPartOf\":{\"@id\":\"https:\\\/\\\/vraji.sk\\\/en\\\/#website\"},\"primaryImageOfPage\":{\"@id\":\"https:\\\/\\\/vraji.sk\\\/en\\\/#primaryimage\"},\"image\":{\"@id\":\"https:\\\/\\\/vraji.sk\\\/en\\\/#primaryimage\"},\"thumbnailUrl\":\"https:\\\/\\\/vraji.sk\\\/wp-content\\\/uploads\\\/2022\\\/06\\\/Turisticka-karta-strana-z-brozury.jpg\",\"datePublished\":\"2021-12-02T03:00:11+00:00\",\"dateModified\":\"2025-04-08T11:39:18+00:00\",\"breadcrumb\":{\"@id\":\"https:\\\/\\\/vraji.sk\\\/en\\\/#breadcrumb\"},\"inLanguage\":\"en-US\",\"potentialAction\":[{\"@type\":\"ReadAction\",\"target\":[\"https:\\\/\\\/vraji.sk\\\/en\\\/\"]}]},{\"@type\":\"ImageObject\",\"inLanguage\":\"en-US\",\"@id\":\"https:\\\/\\\/vraji.sk\\\/en\\\/#primaryimage\",\"url\":\"https:\\\/\\\/vraji.sk\\\/wp-content\\\/uploads\\\/2022\\\/06\\\/Turisticka-karta-strana-z-brozury.jpg\",\"contentUrl\":\"https:\\\/\\\/vraji.sk\\\/wp-content\\\/uploads\\\/2022\\\/06\\\/Turisticka-karta-strana-z-brozury.jpg\",\"width\":1240,\"height\":647},{\"@type\":\"BreadcrumbList\",\"@id\":\"https:\\\/\\\/vraji.sk\\\/en\\\/#breadcrumb\",\"itemListElement\":[{\"@type\":\"ListItem\",\"position\":1,\"name\":\"Home\",\"item\":\"https:\\\/\\\/vraji.sk\\\/en\\\/\"},{\"@type\":\"ListItem\",\"position\":2,\"name\":\"Homepage\"}]},{\"@type\":\"WebSite\",\"@id\":\"https:\\\/\\\/vraji.sk\\\/en\\\/#website\",\"url\":\"https:\\\/\\\/vraji.sk\\\/en\\\/\",\"name\":\"OOCR\",\"description\":\"Region Slovak paradise and Spi\u0161 | History, tourism, experiences | vRaji.sk\",\"publisher\":{\"@id\":\"https:\\\/\\\/vraji.sk\\\/en\\\/#organization\"},\"potentialAction\":[{\"@type\":\"SearchAction\",\"target\":{\"@type\":\"EntryPoint\",\"urlTemplate\":\"https:\\\/\\\/vraji.sk\\\/en\\\/?s={search_term_string}\"},\"query-input\":{\"@type\":\"PropertyValueSpecification\",\"valueRequired\":true,\"valueName\":\"search_term_string\"}}],\"inLanguage\":\"en-US\"},{\"@type\":\"Organization\",\"@id\":\"https:\\\/\\\/vraji.sk\\\/en\\\/#organization\",\"name\":\"OOCR\",\"url\":\"https:\\\/\\\/vraji.sk\\\/en\\\/\",\"logo\":{\"@type\":\"ImageObject\",\"inLanguage\":\"en-US\",\"@id\":\"https:\\\/\\\/vraji.sk\\\/en\\\/#\\\/schema\\\/logo\\\/image\\\/\",\"url\":\"https:\\\/\\\/vraji.sk\\\/wp-content\\\/uploads\\\/2021\\\/11\\\/biele-logo-1.svg\",\"contentUrl\":\"https:\\\/\\\/vraji.sk\\\/wp-content\\\/uploads\\\/2021\\\/11\\\/biele-logo-1.svg\",\"caption\":\"OOCR\"},\"image\":{\"@id\":\"https:\\\/\\\/vraji.sk\\\/en\\\/#\\\/schema\\\/logo\\\/image\\\/\"}}]}<\/script>\n<!-- \/ Yoast SEO plugin. -->","yoast_head_json":{"title":"Homepage - OOCR","robots":{"index":"index","follow":"follow","max-snippet":"max-snippet:-1","max-image-preview":"max-image-preview:large","max-video-preview":"max-video-preview:-1"},"canonical":"https:\/\/vraji.sk\/en\/","og_locale":"en_US","og_type":"article","og_title":"Homepage - OOCR","og_description":"Discover Spi\u0161 &#8211; a small piece of paradise, traditions, monuments and a mountain of experience","og_url":"https:\/\/vraji.sk\/en\/","og_site_name":"OOCR","article_modified_time":"2025-04-08T11:39:18+00:00","og_image":[{"width":1240,"height":647,"url":"https:\/\/vraji.sk\/wp-content\/uploads\/2022\/06\/Turisticka-karta-strana-z-brozury.jpg","type":"image\/jpeg"}],"twitter_card":"summary_large_image","twitter_misc":{"Est. reading time":"1 minute"},"schema":{"@context":"https:\/\/schema.org","@graph":[{"@type":"WebPage","@id":"https:\/\/vraji.sk\/en\/","url":"https:\/\/vraji.sk\/en\/","name":"Homepage - OOCR","isPartOf":{"@id":"https:\/\/vraji.sk\/en\/#website"},"primaryImageOfPage":{"@id":"https:\/\/vraji.sk\/en\/#primaryimage"},"image":{"@id":"https:\/\/vraji.sk\/en\/#primaryimage"},"thumbnailUrl":"https:\/\/vraji.sk\/wp-content\/uploads\/2022\/06\/Turisticka-karta-strana-z-brozury.jpg","datePublished":"2021-12-02T03:00:11+00:00","dateModified":"2025-04-08T11:39:18+00:00","breadcrumb":{"@id":"https:\/\/vraji.sk\/en\/#breadcrumb"},"inLanguage":"en-US","potentialAction":[{"@type":"ReadAction","target":["https:\/\/vraji.sk\/en\/"]}]},{"@type":"ImageObject","inLanguage":"en-US","@id":"https:\/\/vraji.sk\/en\/#primaryimage","url":"https:\/\/vraji.sk\/wp-content\/uploads\/2022\/06\/Turisticka-karta-strana-z-brozury.jpg","contentUrl":"https:\/\/vraji.sk\/wp-content\/uploads\/2022\/06\/Turisticka-karta-strana-z-brozury.jpg","width":1240,"height":647},{"@type":"BreadcrumbList","@id":"https:\/\/vraji.sk\/en\/#breadcrumb","itemListElement":[{"@type":"ListItem","position":1,"name":"Home","item":"https:\/\/vraji.sk\/en\/"},{"@type":"ListItem","position":2,"name":"Homepage"}]},{"@type":"WebSite","@id":"https:\/\/vraji.sk\/en\/#website","url":"https:\/\/vraji.sk\/en\/","name":"OOCR","description":"Region Slovak paradise and Spi\u0161 | History, tourism, experiences | vRaji.sk","publisher":{"@id":"https:\/\/vraji.sk\/en\/#organization"},"potentialAction":[{"@type":"SearchAction","target":{"@type":"EntryPoint","urlTemplate":"https:\/\/vraji.sk\/en\/?s={search_term_string}"},"query-input":{"@type":"PropertyValueSpecification","valueRequired":true,"valueName":"search_term_string"}}],"inLanguage":"en-US"},{"@type":"Organization","@id":"https:\/\/vraji.sk\/en\/#organization","name":"OOCR","url":"https:\/\/vraji.sk\/en\/","logo":{"@type":"ImageObject","inLanguage":"en-US","@id":"https:\/\/vraji.sk\/en\/#\/schema\/logo\/image\/","url":"https:\/\/vraji.sk\/wp-content\/uploads\/2021\/11\/biele-logo-1.svg","contentUrl":"https:\/\/vraji.sk\/wp-content\/uploads\/2021\/11\/biele-logo-1.svg","caption":"OOCR"},"image":{"@id":"https:\/\/vraji.sk\/en\/#\/schema\/logo\/image\/"}}]}},"_links":{"self":[{"href":"https:\/\/vraji.sk\/en\/wp-json\/wp\/v2\/pages\/3394","targetHints":{"allow":["GET"]}}],"collection":[{"href":"https:\/\/vraji.sk\/en\/wp-json\/wp\/v2\/pages"}],"about":[{"href":"https:\/\/vraji.sk\/en\/wp-json\/wp\/v2\/types\/page"}],"author":[{"embeddable":true,"href":"https:\/\/vraji.sk\/en\/wp-json\/wp\/v2\/users\/1"}],"replies":[{"embeddable":true,"href":"https:\/\/vraji.sk\/en\/wp-json\/wp\/v2\/comments?post=3394"}],"version-history":[{"count":6,"href":"https:\/\/vraji.sk\/en\/wp-json\/wp\/v2\/pages\/3394\/revisions"}],"predecessor-version":[{"id":18797,"href":"https:\/\/vraji.sk\/en\/wp-json\/wp\/v2\/pages\/3394\/revisions\/18797"}],"wp:featuredmedia":[{"embeddable":true,"href":"https:\/\/vraji.sk\/en\/wp-json\/wp\/v2\/media\/10024"}],"wp:attachment":[{"href":"https:\/\/vraji.sk\/en\/wp-json\/wp\/v2\/media?parent=3394"}],"curies":[{"name":"wp","href":"https:\/\/api.w.org\/{rel}","templated":true}]}}