{"id":21570,"date":"2026-02-04T12:43:14","date_gmt":"2026-02-04T12:43:14","guid":{"rendered":"https:\/\/vraji.sk\/honlap\/"},"modified":"2026-02-04T12:43:16","modified_gmt":"2026-02-04T12:43:16","slug":"honlap","status":"publish","type":"page","link":"https:\/\/vraji.sk\/hu\/","title":{"rendered":"Honlap"},"content":{"rendered":"<h1 style=\"text-align: center;\"><span class=\"estethic-big\" style=\"color: #69b023;\">Fedezze fel a Szepess\u00e9get &#8211; egy kis darab paradicsom, hagyom\u00e1nyok, m\u0171eml\u00e9kek \u00e9s rengeteg \u00e9lm\u00e9ny.<\/span><\/h1>\n\n<div class=\"row\">\n    <div class=\"col\">\n        <hr class=\"mt-45 mb-45\">\n    <\/div>\n<\/div>\n\n    <div class=\"row border border-primary rounded-lg border-5px mx-0  mb-45\">\n        <div href=\"https:\/\/vraji.sk\/hu\/posilnene-letne-spoje-do-slovenskeho-raja-a-na-juzny-spis\/\" class=\"col-md-6 px-4 py-45 py-md-56 order-md-2\">\n\n            <h2 class=\"mb-45 text-center text-md-left\">\n                NY\u00c1RI BUSZ \u00e9s meger\u0151s\u00edtett \u00f6sszek\u00f6ttet\u00e9sek a Szlov\u00e1k Paradicsommal \u00e9s a Szepess\u00e9g d\u00e9li r\u00e9sz\u00e9vel            <\/h2>\n\n            <p class=\"mb-45 d-none d-md-block\">\n                Id\u00e9n ny\u00e1ron a ny\u00e1ri j\u00e1ratok is jav\u00edtj\u00e1k a r\u00e9gi\u00f3 turisztikai k\u00f6zpontjainak el\u00e9rhet\u0151s\u00e9g\u00e9t.              <\/p>\n\n            <div class=\"text-center\">\n                <a href=\"https:\/\/vraji.sk\/hu\/posilnene-letne-spoje-do-slovenskeho-raja-a-na-juzny-spis\/\" class=\"btn btn-outline-primary btn-lg\">\n                    #letnespoje                <\/a>\n            <\/div>\n\n        <\/div>\n\n        <div class=\"col-md-6 pl-0 pr-0 pr-md-3 order-md-1 \">\n            <div class=\"background-cover-center min-vh-13rem h-100 rounded-left\" style=\"background-image: url('https:\/\/vraji.sk\/wp-content\/uploads\/2025\/05\/LCD_doRaja_1280x720px.jpg');\"><\/div>\n        <\/div>\n    <\/div>\n\n\n\n\n<div class=\"row\">\n    <div class=\"col\">\n        <hr class=\"mt-45 mb-45\">\n    <\/div>\n<\/div>\n<h2 class=\"wp-block-heading has-text-align-center\">Tippekre van sz\u00fcks\u00e9ge az utaz\u00e1sokhoz? Inspir\u00e1l\u00f3djon. <\/h2>\n<div class=\"row\">\n    \n                <div class=\"col-sm-6 col-lg-3 pb-3\">\n                    <div class=\"bg-logo-green rounded-lg border border-5px border-logo-green box-shadow\">\n                        <div class=\"bg-white rounded-lg text-center\">\n                            <img decoding=\"async\" class=\"my-45\" src=\"https:\/\/vraji.sk\/wp-content\/uploads\/2021\/10\/priroda.svg\" style=\"height: 150px; width: 150px;\">\n                        <\/div>\n\n                        <div class=\"my-3 text-center\">\n                            <a href=\"\/objav-region-typ\/priroda\/\" class=\"btn btn-lg btn-light text-logo-dark-green\">\n                                Term\u00e9szet                            <\/a>\n                        <\/div>\n                    <\/div>\n                <\/div>\n            \n                <div class=\"col-sm-6 col-lg-3 pb-3\">\n                    <div class=\"bg-logo-yellow rounded-lg border border-5px border-logo-yellow box-shadow\">\n                        <div class=\"bg-white rounded-lg text-center\">\n                            <img decoding=\"async\" class=\"my-45\" src=\"https:\/\/vraji.sk\/wp-content\/uploads\/2021\/10\/zazitky.svg\" style=\"height: 150px; width: 150px;\">\n                        <\/div>\n\n                        <div class=\"my-3 text-center\">\n                            <a href=\"\/objav-region-typ\/zazitky\/\" class=\"btn btn-lg btn-light text-logo-red\">\n                                Tapasztalatok                            <\/a>\n                        <\/div>\n                    <\/div>\n                <\/div>\n            \n                <div class=\"col-sm-6 col-lg-3 pb-3\">\n                    <div class=\"bg-logo-light-brown rounded-lg border border-5px border-logo-light-brown box-shadow\">\n                        <div class=\"bg-white rounded-lg text-center\">\n                            <img decoding=\"async\" class=\"my-45\" src=\"https:\/\/vraji.sk\/wp-content\/uploads\/2021\/10\/kultura.svg\" style=\"height: 150px; width: 150px;\">\n                        <\/div>\n\n                        <div class=\"my-3 text-center\">\n                            <a href=\"\/objav-region-typ\/kultura\/\" class=\"btn btn-lg btn-light text-logo-brown\">\n                                Kult\u00fara                            <\/a>\n                        <\/div>\n                    <\/div>\n                <\/div>\n            \n                <div class=\"col-sm-6 col-lg-3 pb-3\">\n                    <div class=\"bg-logo-blue rounded-lg border border-5px border-logo-blue box-shadow\">\n                        <div class=\"bg-white rounded-lg text-center\">\n                            <img decoding=\"async\" class=\"my-45\" src=\"https:\/\/vraji.sk\/wp-content\/uploads\/2021\/10\/podujatia.svg\" style=\"height: 150px; width: 150px;\">\n                        <\/div>\n\n                        <div class=\"my-3 text-center\">\n                            <a href=\"\/podujatia\" class=\"btn btn-lg btn-light text-logo-dark-blue\">\n                                Esem\u00e9nyek                            <\/a>\n                        <\/div>\n                    <\/div>\n                <\/div>\n            <\/div>\n\n<div class=\"row\">\n    <div class=\"col\">\n        <hr class=\"mt-45 mb-45\">\n    <\/div>\n<\/div>\n<h2 class=\"wp-block-heading has-text-align-center\">Fedezze fel a k\u00f6rny\u00e9ket &#8211; Turisztikai t\u00e9rk\u00e9p<\/h2>\n\n<div class=\"row\">\n    <div class=\"col\">\n        <!-- 16:9 aspect ratio -->\n        <div class=\"embed-responsive embed-responsive-2by1\">\n            <iframe class=\"embed-responsive-item\" src=\"https:\/\/www.google.com\/maps\/d\/embed?mid=1JaTKhYK2pOX8JBUP4y6YlLsvWiTjf2A&#038;ehbc=2E312F\"><\/iframe>\n        <\/div>\n    <\/div>\n<\/div>\n<div class=\"row\">\n    <div class=\"col\">\n        <hr class=\"mt-45 mb-45\">\n    <\/div>\n<\/div>\n<h2 class=\"wp-block-heading has-text-align-center\">K\u00f6vesse a r\u00e9gi\u00f3 h\u00edreit<\/h2>\n\n<div class=\"row\">\n    <div class=\"col-md-6 pb-45\">\n        <div class=\"embed-responsive embed-responsive-16by9\">\n            <iframe src=\"https:\/\/www.youtube.com\/embed\/B-NX23Oas5s\" title=\"YouTube video player\" frameborder=\"0\" allow=\"accelerometer; autoplay; clipboard-write; encrypted-media; gyroscope; picture-in-picture\" allowfullscreen><\/iframe>\n        <\/div>\n    <\/div>\n    <div class=\"col-md-6 pb-45\">\n        <div class=\"embed-responsive embed-responsive-16by9\">\n            <iframe src=\"https:\/\/www.youtube.com\/embed\/QUJJRhLQmls\" title=\"YouTube video player\" frameborder=\"0\" allow=\"accelerometer; autoplay; clipboard-write; encrypted-media; gyroscope; picture-in-picture\" allowfullscreen><\/iframe>\n        <\/div>\n    <\/div>\n<\/div>\n<div class=\"row justify-content-center\">   \n    \n<div class=\"col-md-6 col-lg-4 pb-45\">\n\t<!-- \tArray\n(\n    [0] => WP_Term Object\n        (\n            [term_id] => 182\n            [name] => S\u00edel\u00e9s\n            [slug] => sieles\n            [term_group] => 0\n            [term_taxonomy_id] => 182\n            [taxonomy] => discover-region-type\n            [description] => \n            [parent] => 0\n            [count] => 1\n            [filter] => raw\n        )\n\n    [1] => WP_Term Object\n        (\n            [term_id] => 179\n            [name] => S\u00edfut\u00e1s\n            [slug] => sifutas\n            [term_group] => 0\n            [term_taxonomy_id] => 179\n            [taxonomy] => discover-region-type\n            [description] => \n            [parent] => 0\n            [count] => 1\n            [filter] => raw\n        )\n\n)\n -->\n\t<a href=\"https:\/\/vraji.sk\/hu\/objav-region\/sieles\/a-sieles-a-szlovak-paradicsomban-hangulatos-udulohelyeket-es-tobb-kilometernyi-sifutopalyat-kinal\/\" style=\"color:inherit;text-decoration:none;\">\n\t\t<article class=\"preview d-flex flex-column post-21800 discover-region type-discover-region status-publish has-post-thumbnail hentry discover-region-type-sieles discover-region-type-sifutas\" id=\"post-21800\">\n\t\t\t<img decoding=\"async\" class=\"rounded-top\" src=\"https:\/\/vraji.sk\/wp-content\/uploads\/2021\/12\/ski-centrum-mraznica19703311-1-300x150.png\" alt=\"\">\n\n\t\t\t<header class=\"entry-header\">\n\n\t\t\t\t<h3 class=\"entry-title mb-0\">A s\u00edel\u00e9s a Szlov\u00e1k Paradicsomban hangulatos \u00fcd\u00fcl\u0151helyeket \u00e9s t\u00f6bb kilom\u00e9ternyi s\u00edfut\u00f3p\u00e1ly\u00e1t k\u00edn\u00e1l<\/h3>\n\t\t\t\t<p class=\"label-small mb-0\"> <\/p>\n\t\t\t\t<p class=\"label-small mb-0\"><\/p>\n\t\t\t<\/header><!-- .entry-header -->\n\n\n\t\t\t<div class=\"entry-content\">\n\n\t\t\t\t<p>A t\u00e9li sportok szerelmesei is tal\u00e1lnak maguknak elfoglalts\u00e1got a Szlov\u00e1k Paradicsomban. A r\u00e9gi?<\/p>\n\n\t\t\t\t\n\t\t\t<\/div><!-- .entry-content -->\n\n\t\t\t<footer class=\"entry-footer text-right\">\n\t\t\t\t<button type=\"button\" class=\"btn btn-primary btn-lg\">\n\t\t\t\t\t<!-- \u010citaj viac -->\n\t\t\t\t\tObjav viac\t\t\t\t<\/button>\n\n\t\t\t<\/footer><!-- .entry-footer -->\n\n\t\t<\/article><!-- #post-## -->\n\t<\/a>\n<\/div>\n<div class=\"col-md-6 col-lg-4 pb-45\">\n\t<!-- \tArray\n(\n    [0] => WP_Term Object\n        (\n            [term_id] => 181\n            [name] => Lovasok\n            [slug] => lovasok\n            [term_group] => 0\n            [term_taxonomy_id] => 181\n            [taxonomy] => discover-region-type\n            [description] => \n            [parent] => 0\n            [count] => 2\n            [filter] => raw\n        )\n\n)\n -->\n\t<a href=\"https:\/\/vraji.sk\/hu\/objav-region\/lovasok\/hippoturizmus-a-szlovak-paradicsomban\/\" style=\"color:inherit;text-decoration:none;\">\n\t\t<article class=\"preview d-flex flex-column post-21786 discover-region type-discover-region status-publish has-post-thumbnail hentry discover-region-type-lovasok\" id=\"post-21786\">\n\t\t\t<img decoding=\"async\" class=\"rounded-top\" src=\"https:\/\/vraji.sk\/wp-content\/uploads\/2021\/12\/ben-collins-7UNk-HYxh9Y-unsplash-1-300x150.jpg\" alt=\"\">\n\n\t\t\t<header class=\"entry-header\">\n\n\t\t\t\t<h3 class=\"entry-title mb-0\">Hippoturizmus a Szlov\u00e1k Paradicsomban<\/h3>\n\t\t\t\t<p class=\"label-small mb-0\"> <\/p>\n\t\t\t\t<p class=\"label-small mb-0\"><\/p>\n\t\t\t<\/header><!-- .entry-header -->\n\n\n\t\t\t<div class=\"entry-content\">\n\n\t\t\t\t<p>Kapcsol\u00f3djon a Szlov\u00e1k Paradicsom term\u00e9szet\u00e9hez lovagl\u00e1ssal. A hipoturizmus kikapcsol\u00f3d\u00e1st, n<\/p>\n\n\t\t\t\t\n\t\t\t<\/div><!-- .entry-content -->\n\n\t\t\t<footer class=\"entry-footer text-right\">\n\t\t\t\t<button type=\"button\" class=\"btn btn-primary btn-lg\">\n\t\t\t\t\t<!-- \u010citaj viac -->\n\t\t\t\t\tObjav viac\t\t\t\t<\/button>\n\n\t\t\t<\/footer><!-- .entry-footer -->\n\n\t\t<\/article><!-- #post-## -->\n\t<\/a>\n<\/div>\n<div class=\"col-md-6 col-lg-4 pb-45\">\n\t<!-- \tArray\n(\n    [0] => WP_Term Object\n        (\n            [term_id] => 186\n            [name] => \u00c9lm\u00e9nyek\n            [slug] => elmenyek\n            [term_group] => 0\n            [term_taxonomy_id] => 186\n            [taxonomy] => discover-region-type\n            [description] => \n            [parent] => 0\n            [count] => 1\n            [filter] => raw\n        )\n\n    [1] => WP_Term Object\n        (\n            [term_id] => 184\n            [name] => Term\u00e9szet\n            [slug] => termeszet\n            [term_group] => 0\n            [term_taxonomy_id] => 184\n            [taxonomy] => discover-region-type\n            [description] => \n            [parent] => 0\n            [count] => 1\n            [filter] => raw\n        )\n\n)\n -->\n\t<a href=\"https:\/\/vraji.sk\/hu\/objav-region\/elmenyek\/a-szlovak-paradicsom-szepsege-stratena-kozseg-kornyeken\/\" style=\"color:inherit;text-decoration:none;\">\n\t\t<article class=\"preview d-flex flex-column post-21766 discover-region type-discover-region status-publish has-post-thumbnail hentry discover-region-type-elmenyek discover-region-type-termeszet\" id=\"post-21766\">\n\t\t\t<img decoding=\"async\" class=\"rounded-top\" src=\"https:\/\/vraji.sk\/wp-content\/uploads\/2022\/03\/Dobsinska-Ladova-Jaskyna-web-300x150.jpg\" alt=\"\">\n\n\t\t\t<header class=\"entry-header\">\n\n\t\t\t\t<h3 class=\"entry-title mb-0\">A Szlov\u00e1k Paradicsom sz\u00e9ps\u00e9ge Straten\u00e1 k\u00f6zs\u00e9g k\u00f6rny\u00e9k\u00e9n<\/h3>\n\t\t\t\t<p class=\"label-small mb-0\"> <\/p>\n\t\t\t\t<p class=\"label-small mb-0\"><\/p>\n\t\t\t<\/header><!-- .entry-header -->\n\n\n\t\t\t<div class=\"entry-content\">\n\n\t\t\t\t<p>A Szlov\u00e1k Paradicsom d\u00e9li r\u00e9sze, Straten\u00e1 hegyi falu k\u00f6rny\u00e9k\u00e9n rendk\u00edv\u00fcli term\u00e9szeti gazda<\/p>\n\n\t\t\t\t\n\t\t\t<\/div><!-- .entry-content -->\n\n\t\t\t<footer class=\"entry-footer text-right\">\n\t\t\t\t<button type=\"button\" class=\"btn btn-primary btn-lg\">\n\t\t\t\t\t<!-- \u010citaj viac -->\n\t\t\t\t\tObjav viac\t\t\t\t<\/button>\n\n\t\t\t<\/footer><!-- .entry-footer -->\n\n\t\t<\/article><!-- #post-## -->\n\t<\/a>\n<\/div><\/div>","protected":false},"excerpt":{"rendered":"<p>Fedezze fel a Szepess\u00e9get &#8211; egy kis darab paradicsom, hagyom\u00e1nyok, m\u0171eml\u00e9kek \u00e9s rengeteg <\/p>\n","protected":false},"author":1,"featured_media":21572,"parent":0,"menu_order":0,"comment_status":"closed","ping_status":"closed","template":"page-templates\/homepage.php","meta":{"_acf_changed":false,"footnotes":""},"class_list":["post-21570","page","type-page","status-publish","has-post-thumbnail","hentry"],"acf":[],"yoast_head":"<!-- This site is optimized with the Yoast SEO plugin v27.5 - https:\/\/yoast.com\/product\/yoast-seo-wordpress\/ -->\n<title>Fedezze fel a Szlov\u00e1k Paradicsom \u00e9s a Szepess\u00e9g sz\u00e9ps\u00e9g\u00e9t -% OOCR%%<\/title>\n<meta name=\"description\" content=\"Fedezze fel a Szlov\u00e1k Paradicsom \u00e9s a Szepess\u00e9g sz\u00e9ps\u00e9g\u00e9t - egy kis darab paradicsomot, amely tele van hagyom\u00e1nyokkal, m\u0171eml\u00e9kekkel \u00e9s felejthetetlen \u00e9lm\u00e9nyekkel.\" \/>\n<meta name=\"robots\" content=\"index, follow, max-snippet:-1, max-image-preview:large, max-video-preview:-1\" \/>\n<link rel=\"canonical\" href=\"https:\/\/vraji.sk\/hu\/\" \/>\n<meta property=\"og:locale\" content=\"hu_HU\" \/>\n<meta property=\"og:type\" content=\"article\" \/>\n<meta property=\"og:title\" content=\"Fedezze fel a Szlov\u00e1k Paradicsom \u00e9s a Szepess\u00e9g sz\u00e9ps\u00e9g\u00e9t -% OOCR%%\" \/>\n<meta property=\"og:description\" content=\"Fedezze fel a Szlov\u00e1k Paradicsom \u00e9s a Szepess\u00e9g sz\u00e9ps\u00e9g\u00e9t - egy kis darab paradicsomot, amely tele van hagyom\u00e1nyokkal, m\u0171eml\u00e9kekkel \u00e9s felejthetetlen \u00e9lm\u00e9nyekkel.\" \/>\n<meta property=\"og:url\" content=\"https:\/\/vraji.sk\/hu\/\" \/>\n<meta property=\"og:site_name\" content=\"OOCR\" \/>\n<meta property=\"article:modified_time\" content=\"2026-02-04T12:43:16+00:00\" \/>\n<meta property=\"og:image\" content=\"https:\/\/vraji.sk\/wp-content\/uploads\/2022\/06\/Turisticka-karta-strana-z-brozury.jpg\" \/>\n\t<meta property=\"og:image:width\" content=\"1240\" \/>\n\t<meta property=\"og:image:height\" content=\"647\" \/>\n\t<meta property=\"og:image:type\" content=\"image\/jpeg\" \/>\n<meta name=\"twitter:card\" content=\"summary_large_image\" \/>\n<script type=\"application\/ld+json\" class=\"yoast-schema-graph\">{\"@context\":\"https:\\\/\\\/schema.org\",\"@graph\":[{\"@type\":\"WebPage\",\"@id\":\"https:\\\/\\\/vraji.sk\\\/hu\\\/\",\"url\":\"https:\\\/\\\/vraji.sk\\\/hu\\\/\",\"name\":\"Fedezze fel a Szlov\u00e1k Paradicsom \u00e9s a Szepess\u00e9g sz\u00e9ps\u00e9g\u00e9t -% OOCR%%\",\"isPartOf\":{\"@id\":\"https:\\\/\\\/vraji.sk\\\/hu\\\/#website\"},\"primaryImageOfPage\":{\"@id\":\"https:\\\/\\\/vraji.sk\\\/hu\\\/#primaryimage\"},\"image\":{\"@id\":\"https:\\\/\\\/vraji.sk\\\/hu\\\/#primaryimage\"},\"thumbnailUrl\":\"https:\\\/\\\/vraji.sk\\\/wp-content\\\/uploads\\\/2022\\\/06\\\/Turisticka-karta-strana-z-brozury.jpg\",\"datePublished\":\"2026-02-04T12:43:14+00:00\",\"dateModified\":\"2026-02-04T12:43:16+00:00\",\"description\":\"Fedezze fel a Szlov\u00e1k Paradicsom \u00e9s a Szepess\u00e9g sz\u00e9ps\u00e9g\u00e9t - egy kis darab paradicsomot, amely tele van hagyom\u00e1nyokkal, m\u0171eml\u00e9kekkel \u00e9s felejthetetlen \u00e9lm\u00e9nyekkel.\",\"breadcrumb\":{\"@id\":\"https:\\\/\\\/vraji.sk\\\/hu\\\/#breadcrumb\"},\"inLanguage\":\"hu\",\"potentialAction\":[{\"@type\":\"ReadAction\",\"target\":[\"https:\\\/\\\/vraji.sk\\\/hu\\\/\"]}]},{\"@type\":\"ImageObject\",\"inLanguage\":\"hu\",\"@id\":\"https:\\\/\\\/vraji.sk\\\/hu\\\/#primaryimage\",\"url\":\"https:\\\/\\\/vraji.sk\\\/wp-content\\\/uploads\\\/2022\\\/06\\\/Turisticka-karta-strana-z-brozury.jpg\",\"contentUrl\":\"https:\\\/\\\/vraji.sk\\\/wp-content\\\/uploads\\\/2022\\\/06\\\/Turisticka-karta-strana-z-brozury.jpg\",\"width\":1240,\"height\":647},{\"@type\":\"BreadcrumbList\",\"@id\":\"https:\\\/\\\/vraji.sk\\\/hu\\\/#breadcrumb\",\"itemListElement\":[{\"@type\":\"ListItem\",\"position\":1,\"name\":\"Home\",\"item\":\"https:\\\/\\\/vraji.sk\\\/hu\\\/honlap\\\/\"},{\"@type\":\"ListItem\",\"position\":2,\"name\":\"Honlap\"}]},{\"@type\":\"WebSite\",\"@id\":\"https:\\\/\\\/vraji.sk\\\/hu\\\/#website\",\"url\":\"https:\\\/\\\/vraji.sk\\\/hu\\\/\",\"name\":\"OOCR\",\"description\":\"Regi\u00f3n Slovensk\u00fd raj a Spi\u0161 | Z\u00e1\u017eitky, turistika, hist\u00f3ria | vRaji.sk\",\"publisher\":{\"@id\":\"https:\\\/\\\/vraji.sk\\\/hu\\\/#organization\"},\"potentialAction\":[{\"@type\":\"SearchAction\",\"target\":{\"@type\":\"EntryPoint\",\"urlTemplate\":\"https:\\\/\\\/vraji.sk\\\/hu\\\/?s={search_term_string}\"},\"query-input\":{\"@type\":\"PropertyValueSpecification\",\"valueRequired\":true,\"valueName\":\"search_term_string\"}}],\"inLanguage\":\"hu\"},{\"@type\":\"Organization\",\"@id\":\"https:\\\/\\\/vraji.sk\\\/hu\\\/#organization\",\"name\":\"OOCR\",\"url\":\"https:\\\/\\\/vraji.sk\\\/hu\\\/\",\"logo\":{\"@type\":\"ImageObject\",\"inLanguage\":\"hu\",\"@id\":\"https:\\\/\\\/vraji.sk\\\/hu\\\/#\\\/schema\\\/logo\\\/image\\\/\",\"url\":\"https:\\\/\\\/vraji.sk\\\/wp-content\\\/uploads\\\/2021\\\/11\\\/biele-logo-1.svg\",\"contentUrl\":\"https:\\\/\\\/vraji.sk\\\/wp-content\\\/uploads\\\/2021\\\/11\\\/biele-logo-1.svg\",\"caption\":\"OOCR\"},\"image\":{\"@id\":\"https:\\\/\\\/vraji.sk\\\/hu\\\/#\\\/schema\\\/logo\\\/image\\\/\"}}]}<\/script>\n<!-- \/ Yoast SEO plugin. -->","yoast_head_json":{"title":"Fedezze fel a Szlov\u00e1k Paradicsom \u00e9s a Szepess\u00e9g sz\u00e9ps\u00e9g\u00e9t -% OOCR%%","description":"Fedezze fel a Szlov\u00e1k Paradicsom \u00e9s a Szepess\u00e9g sz\u00e9ps\u00e9g\u00e9t - egy kis darab paradicsomot, amely tele van hagyom\u00e1nyokkal, m\u0171eml\u00e9kekkel \u00e9s felejthetetlen \u00e9lm\u00e9nyekkel.","robots":{"index":"index","follow":"follow","max-snippet":"max-snippet:-1","max-image-preview":"max-image-preview:large","max-video-preview":"max-video-preview:-1"},"canonical":"https:\/\/vraji.sk\/hu\/","og_locale":"hu_HU","og_type":"article","og_title":"Fedezze fel a Szlov\u00e1k Paradicsom \u00e9s a Szepess\u00e9g sz\u00e9ps\u00e9g\u00e9t -% OOCR%%","og_description":"Fedezze fel a Szlov\u00e1k Paradicsom \u00e9s a Szepess\u00e9g sz\u00e9ps\u00e9g\u00e9t - egy kis darab paradicsomot, amely tele van hagyom\u00e1nyokkal, m\u0171eml\u00e9kekkel \u00e9s felejthetetlen \u00e9lm\u00e9nyekkel.","og_url":"https:\/\/vraji.sk\/hu\/","og_site_name":"OOCR","article_modified_time":"2026-02-04T12:43:16+00:00","og_image":[{"width":1240,"height":647,"url":"https:\/\/vraji.sk\/wp-content\/uploads\/2022\/06\/Turisticka-karta-strana-z-brozury.jpg","type":"image\/jpeg"}],"twitter_card":"summary_large_image","schema":{"@context":"https:\/\/schema.org","@graph":[{"@type":"WebPage","@id":"https:\/\/vraji.sk\/hu\/","url":"https:\/\/vraji.sk\/hu\/","name":"Fedezze fel a Szlov\u00e1k Paradicsom \u00e9s a Szepess\u00e9g sz\u00e9ps\u00e9g\u00e9t -% OOCR%%","isPartOf":{"@id":"https:\/\/vraji.sk\/hu\/#website"},"primaryImageOfPage":{"@id":"https:\/\/vraji.sk\/hu\/#primaryimage"},"image":{"@id":"https:\/\/vraji.sk\/hu\/#primaryimage"},"thumbnailUrl":"https:\/\/vraji.sk\/wp-content\/uploads\/2022\/06\/Turisticka-karta-strana-z-brozury.jpg","datePublished":"2026-02-04T12:43:14+00:00","dateModified":"2026-02-04T12:43:16+00:00","description":"Fedezze fel a Szlov\u00e1k Paradicsom \u00e9s a Szepess\u00e9g sz\u00e9ps\u00e9g\u00e9t - egy kis darab paradicsomot, amely tele van hagyom\u00e1nyokkal, m\u0171eml\u00e9kekkel \u00e9s felejthetetlen \u00e9lm\u00e9nyekkel.","breadcrumb":{"@id":"https:\/\/vraji.sk\/hu\/#breadcrumb"},"inLanguage":"hu","potentialAction":[{"@type":"ReadAction","target":["https:\/\/vraji.sk\/hu\/"]}]},{"@type":"ImageObject","inLanguage":"hu","@id":"https:\/\/vraji.sk\/hu\/#primaryimage","url":"https:\/\/vraji.sk\/wp-content\/uploads\/2022\/06\/Turisticka-karta-strana-z-brozury.jpg","contentUrl":"https:\/\/vraji.sk\/wp-content\/uploads\/2022\/06\/Turisticka-karta-strana-z-brozury.jpg","width":1240,"height":647},{"@type":"BreadcrumbList","@id":"https:\/\/vraji.sk\/hu\/#breadcrumb","itemListElement":[{"@type":"ListItem","position":1,"name":"Home","item":"https:\/\/vraji.sk\/hu\/honlap\/"},{"@type":"ListItem","position":2,"name":"Honlap"}]},{"@type":"WebSite","@id":"https:\/\/vraji.sk\/hu\/#website","url":"https:\/\/vraji.sk\/hu\/","name":"OOCR","description":"Regi\u00f3n Slovensk\u00fd raj a Spi\u0161 | Z\u00e1\u017eitky, turistika, hist\u00f3ria | vRaji.sk","publisher":{"@id":"https:\/\/vraji.sk\/hu\/#organization"},"potentialAction":[{"@type":"SearchAction","target":{"@type":"EntryPoint","urlTemplate":"https:\/\/vraji.sk\/hu\/?s={search_term_string}"},"query-input":{"@type":"PropertyValueSpecification","valueRequired":true,"valueName":"search_term_string"}}],"inLanguage":"hu"},{"@type":"Organization","@id":"https:\/\/vraji.sk\/hu\/#organization","name":"OOCR","url":"https:\/\/vraji.sk\/hu\/","logo":{"@type":"ImageObject","inLanguage":"hu","@id":"https:\/\/vraji.sk\/hu\/#\/schema\/logo\/image\/","url":"https:\/\/vraji.sk\/wp-content\/uploads\/2021\/11\/biele-logo-1.svg","contentUrl":"https:\/\/vraji.sk\/wp-content\/uploads\/2021\/11\/biele-logo-1.svg","caption":"OOCR"},"image":{"@id":"https:\/\/vraji.sk\/hu\/#\/schema\/logo\/image\/"}}]}},"_links":{"self":[{"href":"https:\/\/vraji.sk\/hu\/wp-json\/wp\/v2\/pages\/21570","targetHints":{"allow":["GET"]}}],"collection":[{"href":"https:\/\/vraji.sk\/hu\/wp-json\/wp\/v2\/pages"}],"about":[{"href":"https:\/\/vraji.sk\/hu\/wp-json\/wp\/v2\/types\/page"}],"author":[{"embeddable":true,"href":"https:\/\/vraji.sk\/hu\/wp-json\/wp\/v2\/users\/1"}],"replies":[{"embeddable":true,"href":"https:\/\/vraji.sk\/hu\/wp-json\/wp\/v2\/comments?post=21570"}],"version-history":[{"count":1,"href":"https:\/\/vraji.sk\/hu\/wp-json\/wp\/v2\/pages\/21570\/revisions"}],"predecessor-version":[{"id":21573,"href":"https:\/\/vraji.sk\/hu\/wp-json\/wp\/v2\/pages\/21570\/revisions\/21573"}],"wp:featuredmedia":[{"embeddable":true,"href":"https:\/\/vraji.sk\/hu\/wp-json\/wp\/v2\/media\/21572"}],"wp:attachment":[{"href":"https:\/\/vraji.sk\/hu\/wp-json\/wp\/v2\/media?parent=21570"}],"curies":[{"name":"wp","href":"https:\/\/api.w.org\/{rel}","templated":true}]}}