{"id":21581,"date":"2026-02-04T12:45:09","date_gmt":"2026-02-04T12:45:09","guid":{"rendered":"https:\/\/vraji.sk\/idegenvezeto\/"},"modified":"2026-02-04T12:45:11","modified_gmt":"2026-02-04T12:45:11","slug":"idegenvezeto","status":"publish","type":"page","link":"https:\/\/vraji.sk\/hu\/idegenvezeto\/","title":{"rendered":"Idegenvezet\u0151"},"content":{"rendered":"\n<h1 class=\"wp-block-heading has-text-align-center\">Idegenvezet\u0151<\/h1>\n\n<div class=\"row no-gutters justify-content-around position-relative py-45\">\n        <div class=\"col-12 col-md-3 text-center\">\n            <div class=\"tourist-guide-card\">\n                <img decoding=\"async\" class=\"rounded-circle mb-0 mb-md-45\" style=\"max-height: 120px;\" src=\"https:\/\/vraji.sk\/wp-content\/uploads\/2021\/12\/Naplanuj_vylet.svg\">\n\n                <div class=\"d-flex align-items-center justify-content-center ml-auto ml-md-0\">\n                    <h3 class=\"mb-0 text-white text-center\"><a href=\"..\/objav-region\/\" style=\"color:#FFFFFF;\">Tervezze meg az utaz\u00e1s\u00e1t<\/a><\/h3>\n                <\/div>\n            <\/div>\n        <\/div>\n\n        <div class=\"col-12 col-md-3 text-center\">\n            <div class=\"tourist-guide-card\">\n                <img decoding=\"async\" class=\"rounded-circle mb-0 mb-md-45\" style=\"max-height: 120px;\" src=\"https:\/\/vraji.sk\/wp-content\/uploads\/2021\/12\/Ziskaj_mapu.svg\">\n\n                <div class=\"d-flex align-items-center justify-content-center ml-auto ml-md-0\">\n                    <h3 class=\"mb-0 text-white text-center\"><a href=\"#mapatuisticka1\" style=\"color:#FFFFFF;\">Szerezd meg a t\u00e9rk\u00e9pet<\/a><\/h3>\n                <\/div>\n            <\/div>\n        <\/div>\n\n        <div class=\"col-12 col-md-3 text-center\">\n            <div class=\"tourist-guide-card\">\n                <img decoding=\"async\" class=\"rounded-circle mb-0 mb-md-45\" style=\"max-height: 120px;\" src=\"https:\/\/vraji.sk\/wp-content\/uploads\/2021\/12\/Pozri-pocasie.svg\">\n\n                <div class=\"d-flex align-items-center justify-content-center ml-auto ml-md-0\">\n                    <h3 class=\"mb-0 text-white text-center\"> <a href=\"#pocasiekotva\" style=\"color:#FFFFFF;\">Ellen\u0151rizze az id\u0151j\u00e1r\u00e1st<\/a>        <\/h3>\n                <\/div>\n            <\/div>\n        <\/div>\n\n        <div class=\"col-12 col-md-3 text-center\">\n            <div class=\"tourist-guide-card\">\n                <img decoding=\"async\" class=\"rounded-circle mb-0 mb-md-45\" style=\"max-height: 120px;\" src=\"https:\/\/vraji.sk\/wp-content\/uploads\/2021\/12\/Zbieraj_zazitky.svg\">\n\n                <div class=\"d-flex align-items-center justify-content-center ml-auto ml-md-0\">\n                    <h3 class=\"mb-0 text-white text-center\"><a href=\"..\/objav-region-typ\/zazitky\/\" style=\"color:#FFFFFF;\">Tapasztalatok gy\u0171jt\u00e9se<\/a><\/h3>\n                <\/div>\n            <\/div>\n        <\/div>\n\n        <img decoding=\"async\" class=\"tourist-guide-card-img d-none d-md-block\" src=\"https:\/\/vraji.sk\/wp-content\/themes\/oocr-theme\/media\/tourist-guide\/line-horizontal.svg\" alt=\"\">\n        <img decoding=\"async\" class=\"tourist-guide-card-img d-block d-md-none\" src=\"https:\/\/vraji.sk\/wp-content\/themes\/oocr-theme\/media\/tourist-guide\/line-vertical.svg\">\n    <\/div>\n\n<div class=\"row\">\n    <div class=\"col\">\n        <hr class=\"mt-45 mb-45\">\n    <\/div>\n<\/div>\n<h1 class=\"wp-block-heading has-text-align-center\">Szolg\u00e1ltat\u00e1sok a r\u00e9gi\u00f3ban<\/h1>\n\n<div class=\"row\">\n            <div class=\"col-12 col-md-6 col-lg-3 pb-45\">\n\t\t\t            <a href=\"https:\/\/vraji.sk\/hu\/szolgaltatasok-a-regioban\/kalandok\/\">\n                <div class=\"embed-responsive embed-responsive-1by1 rounded-lg box-shadow position-relative\">\n                    <img decoding=\"async\" style=\"filter:opacity(60%);\" class=\"embed-responsive-item\" style=\"object-fit: cover;\" src=\"https:\/\/vraji.sk\/wp-content\/uploads\/2021\/11\/Dobrodruzstvo-foto.jpg\">\n\n                    <div class=\"center-xy\">\n                        <p class=\"label-big text-black mb-0 text-nowrap\">Kalandok<\/p>\n                    <\/div>\n                <\/div>\n            <\/a>\n        <\/div>\n            <div class=\"col-12 col-md-6 col-lg-3 pb-45\">\n\t\t\t            <a href=\"https:\/\/vraji.sk\/hu\/szolgaltatasok-a-regioban\/kostold-meg-spis\/\">\n                <div class=\"embed-responsive embed-responsive-1by1 rounded-lg box-shadow position-relative\">\n                    <img decoding=\"async\" style=\"filter:opacity(60%);\" class=\"embed-responsive-item\" style=\"object-fit: cover;\" src=\"https:\/\/vraji.sk\/wp-content\/uploads\/2021\/12\/Ochutnaj-spis.jpg\">\n\n                    <div class=\"center-xy\">\n                        <p class=\"label-big text-black mb-0 text-nowrap\">K\u00f3stold meg Spi\u0161<\/p>\n                    <\/div>\n                <\/div>\n            <\/a>\n        <\/div>\n            <div class=\"col-12 col-md-6 col-lg-3 pb-45\">\n\t\t\t            <a href=\"https:\/\/vraji.sk\/hu\/szolgaltatasok-a-regioban\/pihenjen\/\">\n                <div class=\"embed-responsive embed-responsive-1by1 rounded-lg box-shadow position-relative\">\n                    <img decoding=\"async\" style=\"filter:opacity(60%);\" class=\"embed-responsive-item\" style=\"object-fit: cover;\" src=\"https:\/\/vraji.sk\/wp-content\/uploads\/2021\/12\/Oddychni-si.jpg\">\n\n                    <div class=\"center-xy\">\n                        <p class=\"label-big text-black mb-0 text-nowrap\">Pihenjen<\/p>\n                    <\/div>\n                <\/div>\n            <\/a>\n        <\/div>\n            <div class=\"col-12 col-md-6 col-lg-3 pb-45\">\n\t\t\t            <a href=\"https:\/\/vraji.sk\/hu\/szolgaltatasok-a-regioban\/szallas\/\">\n                <div class=\"embed-responsive embed-responsive-1by1 rounded-lg box-shadow position-relative\">\n                    <img decoding=\"async\" style=\"filter:opacity(60%);\" class=\"embed-responsive-item\" style=\"object-fit: cover;\" src=\"https:\/\/vraji.sk\/wp-content\/uploads\/2021\/12\/ubytuj-sa-.jpg\">\n\n                    <div class=\"center-xy\">\n                        <p class=\"label-big text-black mb-0 text-nowrap\">Sz\u00e1ll\u00e1s<\/p>\n                    <\/div>\n                <\/div>\n            <\/a>\n        <\/div>\n    <\/div>\n\n<div class=\"row\">\n    <div class=\"col\">\n        <hr class=\"mt-45 mb-45\">\n    <\/div>\n<\/div>\n<h2 class=\"wp-block-heading has-text-align-center\" id=\"mapatuisticka1\">Turisztikai t\u00e9rk\u00e9p<\/h2>\n\n<p>Interakt\u00edv t\u00e9rk\u00e9p\u00fcnkkel nem fog elt\u00e9vedni m\u00e9g Straten\u00e1ban sem. Minden fontos inform\u00e1ci\u00f3t megtal\u00e1l a t\u00fara\u00fatvonalakr\u00f3l, ker\u00e9kp\u00e1rutakr\u00f3l, hegyekr\u0151l, kil\u00e1t\u00f3pontokr\u00f3l, sz\u00e1ll\u00e1shelyekr\u0151l \u00e9s gasztron\u00f3miai tippekr\u0151l. Kir\u00e1nduljon a t\u00farat\u00e9rk\u00e9p seg\u00edts\u00e9g\u00e9vel, \u00e9s fedezze fel a Szepess\u00e9g minden sz\u00e9ps\u00e9g\u00e9t.  <\/p>\n\n<div class=\"row\">\n    <div class=\"col\">\n        <!-- 16:9 aspect ratio -->\n        <div class=\"embed-responsive embed-responsive-2by1\">\n            <iframe class=\"embed-responsive-item\" src=\"https:\/\/www.google.com\/maps\/d\/embed?mid=19v26FV_s7l7Vq4tBtooG9fYqqxBipCJH\"><\/iframe>\n        <\/div>\n    <\/div>\n<\/div>\n<div class=\"row\">\n    <div class=\"col\">\n        <hr class=\"mt-45 mb-45\">\n    <\/div>\n<\/div>\n<h2 class=\"wp-block-heading has-text-align-center\">K\u00f6vesse a r\u00e9gi\u00f3 h\u00edreit<\/h2>\n\n<div class=\"row\">\n    <div class=\"col-md-6 pb-45\">\n        <div class=\"embed-responsive embed-responsive-16by9\">\n            <iframe src=\"https:\/\/www.youtube.com\/embed\/B-NX23Oas5s\" title=\"YouTube video player\" frameborder=\"0\" allow=\"accelerometer; autoplay; clipboard-write; encrypted-media; gyroscope; picture-in-picture\" allowfullscreen><\/iframe>\n        <\/div>\n    <\/div>\n    <div class=\"col-md-6 pb-45\">\n        <div class=\"embed-responsive embed-responsive-16by9\">\n            <iframe src=\"https:\/\/www.youtube.com\/embed\/QUJJRhLQmls\" title=\"YouTube video player\" frameborder=\"0\" allow=\"accelerometer; autoplay; clipboard-write; encrypted-media; gyroscope; picture-in-picture\" allowfullscreen><\/iframe>\n        <\/div>\n    <\/div>\n<\/div>\n<p id=\"pocasiekotva\"><\/p>\n","protected":false},"excerpt":{"rendered":"<p>Idegenvezet\u0151 Szolg\u00e1ltat\u00e1sok a r\u00e9gi\u00f3ban Turisztikai t\u00e9rk\u00e9p Interakt\u00edv t\u00e9rk\u00e9p\u00fcnkkel nem fog<\/p>\n","protected":false},"author":1,"featured_media":0,"parent":0,"menu_order":0,"comment_status":"closed","ping_status":"closed","template":"page-templates\/full-width-page.php","meta":{"_acf_changed":false,"footnotes":""},"class_list":["post-21581","page","type-page","status-publish","hentry"],"acf":[],"yoast_head":"<!-- This site is optimized with the Yoast SEO plugin v27.5 - https:\/\/yoast.com\/product\/yoast-seo-wordpress\/ -->\n<title>Idegenvezet\u0151 - OOCR<\/title>\n<meta name=\"robots\" content=\"index, follow, max-snippet:-1, max-image-preview:large, max-video-preview:-1\" \/>\n<link rel=\"canonical\" href=\"https:\/\/vraji.sk\/hu\/idegenvezeto\/\" \/>\n<meta property=\"og:locale\" content=\"hu_HU\" \/>\n<meta property=\"og:type\" content=\"article\" \/>\n<meta property=\"og:title\" content=\"Idegenvezet\u0151 - OOCR\" \/>\n<meta property=\"og:description\" content=\"Idegenvezet\u0151 Szolg\u00e1ltat\u00e1sok a r\u00e9gi\u00f3ban Turisztikai t\u00e9rk\u00e9p Interakt\u00edv t\u00e9rk\u00e9p\u00fcnkkel nem fog\" \/>\n<meta property=\"og:url\" content=\"https:\/\/vraji.sk\/hu\/idegenvezeto\/\" \/>\n<meta property=\"og:site_name\" content=\"OOCR\" \/>\n<meta property=\"article:modified_time\" content=\"2026-02-04T12:45:11+00:00\" \/>\n<meta name=\"twitter:card\" content=\"summary_large_image\" \/>\n<script type=\"application\/ld+json\" class=\"yoast-schema-graph\">{\"@context\":\"https:\\\/\\\/schema.org\",\"@graph\":[{\"@type\":\"WebPage\",\"@id\":\"https:\\\/\\\/vraji.sk\\\/hu\\\/idegenvezeto\\\/\",\"url\":\"https:\\\/\\\/vraji.sk\\\/hu\\\/idegenvezeto\\\/\",\"name\":\"Idegenvezet\u0151 - OOCR\",\"isPartOf\":{\"@id\":\"https:\\\/\\\/vraji.sk\\\/hu\\\/#website\"},\"datePublished\":\"2026-02-04T12:45:09+00:00\",\"dateModified\":\"2026-02-04T12:45:11+00:00\",\"breadcrumb\":{\"@id\":\"https:\\\/\\\/vraji.sk\\\/hu\\\/idegenvezeto\\\/#breadcrumb\"},\"inLanguage\":\"hu\",\"potentialAction\":[{\"@type\":\"ReadAction\",\"target\":[\"https:\\\/\\\/vraji.sk\\\/hu\\\/idegenvezeto\\\/\"]}]},{\"@type\":\"BreadcrumbList\",\"@id\":\"https:\\\/\\\/vraji.sk\\\/hu\\\/idegenvezeto\\\/#breadcrumb\",\"itemListElement\":[{\"@type\":\"ListItem\",\"position\":1,\"name\":\"Home\",\"item\":\"https:\\\/\\\/vraji.sk\\\/hu\\\/honlap\\\/\"},{\"@type\":\"ListItem\",\"position\":2,\"name\":\"Idegenvezet\u0151\"}]},{\"@type\":\"WebSite\",\"@id\":\"https:\\\/\\\/vraji.sk\\\/hu\\\/#website\",\"url\":\"https:\\\/\\\/vraji.sk\\\/hu\\\/\",\"name\":\"OOCR\",\"description\":\"Regi\u00f3n Slovensk\u00fd raj a Spi\u0161 | Z\u00e1\u017eitky, turistika, hist\u00f3ria | vRaji.sk\",\"publisher\":{\"@id\":\"https:\\\/\\\/vraji.sk\\\/hu\\\/#organization\"},\"potentialAction\":[{\"@type\":\"SearchAction\",\"target\":{\"@type\":\"EntryPoint\",\"urlTemplate\":\"https:\\\/\\\/vraji.sk\\\/hu\\\/?s={search_term_string}\"},\"query-input\":{\"@type\":\"PropertyValueSpecification\",\"valueRequired\":true,\"valueName\":\"search_term_string\"}}],\"inLanguage\":\"hu\"},{\"@type\":\"Organization\",\"@id\":\"https:\\\/\\\/vraji.sk\\\/hu\\\/#organization\",\"name\":\"OOCR\",\"url\":\"https:\\\/\\\/vraji.sk\\\/hu\\\/\",\"logo\":{\"@type\":\"ImageObject\",\"inLanguage\":\"hu\",\"@id\":\"https:\\\/\\\/vraji.sk\\\/hu\\\/#\\\/schema\\\/logo\\\/image\\\/\",\"url\":\"https:\\\/\\\/vraji.sk\\\/wp-content\\\/uploads\\\/2021\\\/11\\\/biele-logo-1.svg\",\"contentUrl\":\"https:\\\/\\\/vraji.sk\\\/wp-content\\\/uploads\\\/2021\\\/11\\\/biele-logo-1.svg\",\"caption\":\"OOCR\"},\"image\":{\"@id\":\"https:\\\/\\\/vraji.sk\\\/hu\\\/#\\\/schema\\\/logo\\\/image\\\/\"}}]}<\/script>\n<!-- \/ Yoast SEO plugin. -->","yoast_head_json":{"title":"Idegenvezet\u0151 - OOCR","robots":{"index":"index","follow":"follow","max-snippet":"max-snippet:-1","max-image-preview":"max-image-preview:large","max-video-preview":"max-video-preview:-1"},"canonical":"https:\/\/vraji.sk\/hu\/idegenvezeto\/","og_locale":"hu_HU","og_type":"article","og_title":"Idegenvezet\u0151 - OOCR","og_description":"Idegenvezet\u0151 Szolg\u00e1ltat\u00e1sok a r\u00e9gi\u00f3ban Turisztikai t\u00e9rk\u00e9p Interakt\u00edv t\u00e9rk\u00e9p\u00fcnkkel nem fog","og_url":"https:\/\/vraji.sk\/hu\/idegenvezeto\/","og_site_name":"OOCR","article_modified_time":"2026-02-04T12:45:11+00:00","twitter_card":"summary_large_image","schema":{"@context":"https:\/\/schema.org","@graph":[{"@type":"WebPage","@id":"https:\/\/vraji.sk\/hu\/idegenvezeto\/","url":"https:\/\/vraji.sk\/hu\/idegenvezeto\/","name":"Idegenvezet\u0151 - OOCR","isPartOf":{"@id":"https:\/\/vraji.sk\/hu\/#website"},"datePublished":"2026-02-04T12:45:09+00:00","dateModified":"2026-02-04T12:45:11+00:00","breadcrumb":{"@id":"https:\/\/vraji.sk\/hu\/idegenvezeto\/#breadcrumb"},"inLanguage":"hu","potentialAction":[{"@type":"ReadAction","target":["https:\/\/vraji.sk\/hu\/idegenvezeto\/"]}]},{"@type":"BreadcrumbList","@id":"https:\/\/vraji.sk\/hu\/idegenvezeto\/#breadcrumb","itemListElement":[{"@type":"ListItem","position":1,"name":"Home","item":"https:\/\/vraji.sk\/hu\/honlap\/"},{"@type":"ListItem","position":2,"name":"Idegenvezet\u0151"}]},{"@type":"WebSite","@id":"https:\/\/vraji.sk\/hu\/#website","url":"https:\/\/vraji.sk\/hu\/","name":"OOCR","description":"Regi\u00f3n Slovensk\u00fd raj a Spi\u0161 | Z\u00e1\u017eitky, turistika, hist\u00f3ria | vRaji.sk","publisher":{"@id":"https:\/\/vraji.sk\/hu\/#organization"},"potentialAction":[{"@type":"SearchAction","target":{"@type":"EntryPoint","urlTemplate":"https:\/\/vraji.sk\/hu\/?s={search_term_string}"},"query-input":{"@type":"PropertyValueSpecification","valueRequired":true,"valueName":"search_term_string"}}],"inLanguage":"hu"},{"@type":"Organization","@id":"https:\/\/vraji.sk\/hu\/#organization","name":"OOCR","url":"https:\/\/vraji.sk\/hu\/","logo":{"@type":"ImageObject","inLanguage":"hu","@id":"https:\/\/vraji.sk\/hu\/#\/schema\/logo\/image\/","url":"https:\/\/vraji.sk\/wp-content\/uploads\/2021\/11\/biele-logo-1.svg","contentUrl":"https:\/\/vraji.sk\/wp-content\/uploads\/2021\/11\/biele-logo-1.svg","caption":"OOCR"},"image":{"@id":"https:\/\/vraji.sk\/hu\/#\/schema\/logo\/image\/"}}]}},"_links":{"self":[{"href":"https:\/\/vraji.sk\/hu\/wp-json\/wp\/v2\/pages\/21581","targetHints":{"allow":["GET"]}}],"collection":[{"href":"https:\/\/vraji.sk\/hu\/wp-json\/wp\/v2\/pages"}],"about":[{"href":"https:\/\/vraji.sk\/hu\/wp-json\/wp\/v2\/types\/page"}],"author":[{"embeddable":true,"href":"https:\/\/vraji.sk\/hu\/wp-json\/wp\/v2\/users\/1"}],"replies":[{"embeddable":true,"href":"https:\/\/vraji.sk\/hu\/wp-json\/wp\/v2\/comments?post=21581"}],"version-history":[{"count":1,"href":"https:\/\/vraji.sk\/hu\/wp-json\/wp\/v2\/pages\/21581\/revisions"}],"predecessor-version":[{"id":21582,"href":"https:\/\/vraji.sk\/hu\/wp-json\/wp\/v2\/pages\/21581\/revisions\/21582"}],"wp:attachment":[{"href":"https:\/\/vraji.sk\/hu\/wp-json\/wp\/v2\/media?parent=21581"}],"curies":[{"name":"wp","href":"https:\/\/api.w.org\/{rel}","templated":true}]}}