{"id":21587,"date":"2026-02-04T12:46:53","date_gmt":"2026-02-04T12:46:53","guid":{"rendered":"https:\/\/vraji.sk\/kontakt\/"},"modified":"2026-02-04T12:46:54","modified_gmt":"2026-02-04T12:46:54","slug":"kontakt","status":"publish","type":"page","link":"https:\/\/vraji.sk\/pl\/kontakt\/","title":{"rendered":"Kontakt"},"content":{"rendered":"\n<h1 class=\"wp-block-heading has-text-align-center\">Informacje kontaktowe<\/h1>\n\n<div class=\"row\">\n    <div class=\"col\">\n        <!-- 16:9 aspect ratio -->\n        <div class=\"embed-responsive embed-responsive-3by1\">\n            <iframe class=\"embed-responsive-item\" src=\"https:\/\/www.google.com\/maps\/d\/embed?mid=1JaTKhYK2pOX8JBUP4y6YlLsvWiTjf2A&#038;ehbc=2E312F\"><\/iframe>\n        <\/div>\n    <\/div>\n<\/div>\n<div class=\"row\">\n    <div class=\"col\">\n        <hr class=\"mt-45 mb-45\">\n    <\/div>\n<\/div>\n<div class=\"row\">\n    <div class=\"col-md-4 pb-45\">\n        <p><span class=\"label-medium\">S\u0142owacki Raj i Spisz<\/span><\/p>\n<p><span class=\"label-medium\">Regionalna Organizacja Turystyczna <\/span><\/p>\n<p>Adres:<br \/>\nN\u00e1bre\u017eie Horn\u00e1du 14<br \/>\n052 01 Spi\u0161sk\u00e1 Nov\u00e1 Ves<\/p>\n    <\/div>\n\n    <div class=\"col-md-4 pb-45\">\n        <p><span class=\"label-medium\">Wyci\u0105g z rejestru organizacji:<\/span><\/p>\n<p> OOCR-Slovensky-Raj-a-Spis<a href=\"https:\/\/vraji.sk\/wp-content\/uploads\/2025\/05\/Register_Slovensky-raj_Spis-_april_2025.pdf\">2025<\/a><\/p>\n<p>I\u010cO 423 193 31<br \/>\nDI\u010c 20 23 664 423<\/p>\n    <\/div>\n\n    <div class=\"col-md-4 pb-45\">\n        <p><span class=\"light-text\"><span class=\"label-medium\">Michaela Kriv\u00e1\u0148ov\u00e1, M.A.<br \/>\n<\/span>Dyrektor Wykonawczy<\/span>OOCR <span class=\"light-text\"><br \/>\n E-mail: riaditel@raj-spis.sk<\/span><br \/>\nTel.: +421 948 846 506<\/p>\n<p><span class=\"light-text\"><span class=\"label-medium\">Ing. Pavol Be\u010darik<br \/>\n<\/span>Przewodnicz\u0105cy Rady Dyrektor\u00f3w<\/span>OOCR<span class=\"light-text\"><br \/>\n E-mail: info@raj-spis.sk<\/span><\/p>\n    <\/div>\n<\/div>","protected":false},"excerpt":{"rendered":"<p>Informacje kontaktowe<\/p>\n","protected":false},"author":1,"featured_media":0,"parent":0,"menu_order":0,"comment_status":"closed","ping_status":"closed","template":"page-templates\/full-width-page.php","meta":{"_acf_changed":false,"footnotes":""},"class_list":["post-21587","page","type-page","status-publish","hentry"],"acf":[],"yoast_head":"<!-- This site is optimized with the Yoast SEO plugin v27.4 - https:\/\/yoast.com\/product\/yoast-seo-wordpress\/ -->\n<title>Kontakt - OOCR<\/title>\n<meta name=\"robots\" content=\"index, follow, max-snippet:-1, max-image-preview:large, max-video-preview:-1\" \/>\n<link rel=\"canonical\" href=\"https:\/\/vraji.sk\/pl\/kontakt\/\" \/>\n<meta property=\"og:locale\" content=\"pl_PL\" \/>\n<meta property=\"og:type\" content=\"article\" \/>\n<meta property=\"og:title\" content=\"Kontakt - OOCR\" \/>\n<meta property=\"og:description\" content=\"Informacje kontaktowe\" \/>\n<meta property=\"og:url\" content=\"https:\/\/vraji.sk\/pl\/kontakt\/\" \/>\n<meta property=\"og:site_name\" content=\"OOCR\" \/>\n<meta property=\"article:modified_time\" content=\"2026-02-04T12:46:54+00:00\" \/>\n<meta name=\"twitter:card\" content=\"summary_large_image\" \/>\n<script type=\"application\/ld+json\" class=\"yoast-schema-graph\">{\"@context\":\"https:\\\/\\\/schema.org\",\"@graph\":[{\"@type\":\"WebPage\",\"@id\":\"https:\\\/\\\/vraji.sk\\\/pl\\\/kontakt\\\/\",\"url\":\"https:\\\/\\\/vraji.sk\\\/pl\\\/kontakt\\\/\",\"name\":\"Kontakt - OOCR\",\"isPartOf\":{\"@id\":\"https:\\\/\\\/vraji.sk\\\/pl\\\/#website\"},\"datePublished\":\"2026-02-04T12:46:53+00:00\",\"dateModified\":\"2026-02-04T12:46:54+00:00\",\"breadcrumb\":{\"@id\":\"https:\\\/\\\/vraji.sk\\\/pl\\\/kontakt\\\/#breadcrumb\"},\"inLanguage\":\"pl-PL\",\"potentialAction\":[{\"@type\":\"ReadAction\",\"target\":[\"https:\\\/\\\/vraji.sk\\\/pl\\\/kontakt\\\/\"]}]},{\"@type\":\"BreadcrumbList\",\"@id\":\"https:\\\/\\\/vraji.sk\\\/pl\\\/kontakt\\\/#breadcrumb\",\"itemListElement\":[{\"@type\":\"ListItem\",\"position\":1,\"name\":\"Home\",\"item\":\"https:\\\/\\\/vraji.sk\\\/pl\\\/strona-glowna\\\/\"},{\"@type\":\"ListItem\",\"position\":2,\"name\":\"Kontakt\"}]},{\"@type\":\"WebSite\",\"@id\":\"https:\\\/\\\/vraji.sk\\\/pl\\\/#website\",\"url\":\"https:\\\/\\\/vraji.sk\\\/pl\\\/\",\"name\":\"OOCR\",\"description\":\"Regi\u00f3n Slovensk\u00fd raj a Spi\u0161 | Z\u00e1\u017eitky, turistika, hist\u00f3ria | vRaji.sk\",\"publisher\":{\"@id\":\"https:\\\/\\\/vraji.sk\\\/pl\\\/#organization\"},\"potentialAction\":[{\"@type\":\"SearchAction\",\"target\":{\"@type\":\"EntryPoint\",\"urlTemplate\":\"https:\\\/\\\/vraji.sk\\\/pl\\\/?s={search_term_string}\"},\"query-input\":{\"@type\":\"PropertyValueSpecification\",\"valueRequired\":true,\"valueName\":\"search_term_string\"}}],\"inLanguage\":\"pl-PL\"},{\"@type\":\"Organization\",\"@id\":\"https:\\\/\\\/vraji.sk\\\/pl\\\/#organization\",\"name\":\"OOCR\",\"url\":\"https:\\\/\\\/vraji.sk\\\/pl\\\/\",\"logo\":{\"@type\":\"ImageObject\",\"inLanguage\":\"pl-PL\",\"@id\":\"https:\\\/\\\/vraji.sk\\\/pl\\\/#\\\/schema\\\/logo\\\/image\\\/\",\"url\":\"https:\\\/\\\/vraji.sk\\\/wp-content\\\/uploads\\\/2021\\\/11\\\/biele-logo-1.svg\",\"contentUrl\":\"https:\\\/\\\/vraji.sk\\\/wp-content\\\/uploads\\\/2021\\\/11\\\/biele-logo-1.svg\",\"caption\":\"OOCR\"},\"image\":{\"@id\":\"https:\\\/\\\/vraji.sk\\\/pl\\\/#\\\/schema\\\/logo\\\/image\\\/\"}}]}<\/script>\n<!-- \/ Yoast SEO plugin. -->","yoast_head_json":{"title":"Kontakt - OOCR","robots":{"index":"index","follow":"follow","max-snippet":"max-snippet:-1","max-image-preview":"max-image-preview:large","max-video-preview":"max-video-preview:-1"},"canonical":"https:\/\/vraji.sk\/pl\/kontakt\/","og_locale":"pl_PL","og_type":"article","og_title":"Kontakt - OOCR","og_description":"Informacje kontaktowe","og_url":"https:\/\/vraji.sk\/pl\/kontakt\/","og_site_name":"OOCR","article_modified_time":"2026-02-04T12:46:54+00:00","twitter_card":"summary_large_image","schema":{"@context":"https:\/\/schema.org","@graph":[{"@type":"WebPage","@id":"https:\/\/vraji.sk\/pl\/kontakt\/","url":"https:\/\/vraji.sk\/pl\/kontakt\/","name":"Kontakt - OOCR","isPartOf":{"@id":"https:\/\/vraji.sk\/pl\/#website"},"datePublished":"2026-02-04T12:46:53+00:00","dateModified":"2026-02-04T12:46:54+00:00","breadcrumb":{"@id":"https:\/\/vraji.sk\/pl\/kontakt\/#breadcrumb"},"inLanguage":"pl-PL","potentialAction":[{"@type":"ReadAction","target":["https:\/\/vraji.sk\/pl\/kontakt\/"]}]},{"@type":"BreadcrumbList","@id":"https:\/\/vraji.sk\/pl\/kontakt\/#breadcrumb","itemListElement":[{"@type":"ListItem","position":1,"name":"Home","item":"https:\/\/vraji.sk\/pl\/strona-glowna\/"},{"@type":"ListItem","position":2,"name":"Kontakt"}]},{"@type":"WebSite","@id":"https:\/\/vraji.sk\/pl\/#website","url":"https:\/\/vraji.sk\/pl\/","name":"OOCR","description":"Regi\u00f3n Slovensk\u00fd raj a Spi\u0161 | Z\u00e1\u017eitky, turistika, hist\u00f3ria | vRaji.sk","publisher":{"@id":"https:\/\/vraji.sk\/pl\/#organization"},"potentialAction":[{"@type":"SearchAction","target":{"@type":"EntryPoint","urlTemplate":"https:\/\/vraji.sk\/pl\/?s={search_term_string}"},"query-input":{"@type":"PropertyValueSpecification","valueRequired":true,"valueName":"search_term_string"}}],"inLanguage":"pl-PL"},{"@type":"Organization","@id":"https:\/\/vraji.sk\/pl\/#organization","name":"OOCR","url":"https:\/\/vraji.sk\/pl\/","logo":{"@type":"ImageObject","inLanguage":"pl-PL","@id":"https:\/\/vraji.sk\/pl\/#\/schema\/logo\/image\/","url":"https:\/\/vraji.sk\/wp-content\/uploads\/2021\/11\/biele-logo-1.svg","contentUrl":"https:\/\/vraji.sk\/wp-content\/uploads\/2021\/11\/biele-logo-1.svg","caption":"OOCR"},"image":{"@id":"https:\/\/vraji.sk\/pl\/#\/schema\/logo\/image\/"}}]}},"_links":{"self":[{"href":"https:\/\/vraji.sk\/pl\/wp-json\/wp\/v2\/pages\/21587","targetHints":{"allow":["GET"]}}],"collection":[{"href":"https:\/\/vraji.sk\/pl\/wp-json\/wp\/v2\/pages"}],"about":[{"href":"https:\/\/vraji.sk\/pl\/wp-json\/wp\/v2\/types\/page"}],"author":[{"embeddable":true,"href":"https:\/\/vraji.sk\/pl\/wp-json\/wp\/v2\/users\/1"}],"replies":[{"embeddable":true,"href":"https:\/\/vraji.sk\/pl\/wp-json\/wp\/v2\/comments?post=21587"}],"version-history":[{"count":1,"href":"https:\/\/vraji.sk\/pl\/wp-json\/wp\/v2\/pages\/21587\/revisions"}],"predecessor-version":[{"id":21590,"href":"https:\/\/vraji.sk\/pl\/wp-json\/wp\/v2\/pages\/21587\/revisions\/21590"}],"wp:attachment":[{"href":"https:\/\/vraji.sk\/pl\/wp-json\/wp\/v2\/media?parent=21587"}],"curies":[{"name":"wp","href":"https:\/\/api.w.org\/{rel}","templated":true}]}}