{"id":21591,"date":"2026-02-04T12:47:13","date_gmt":"2026-02-04T12:47:13","guid":{"rendered":"https:\/\/vraji.sk\/czlonkowie\/"},"modified":"2026-02-04T12:47:13","modified_gmt":"2026-02-04T12:47:13","slug":"czlonkowie","status":"publish","type":"page","link":"https:\/\/vraji.sk\/pl\/czlonkowie\/","title":{"rendered":"Cz\u0142onkowie"},"content":{"rendered":"","protected":false},"excerpt":{"rendered":"","protected":false},"author":1,"featured_media":0,"parent":0,"menu_order":0,"comment_status":"closed","ping_status":"closed","template":"page-templates\/members-page.php","meta":{"_acf_changed":false,"footnotes":""},"class_list":["post-21591","page","type-page","status-publish","hentry"],"acf":[],"yoast_head":"<!-- This site is optimized with the Yoast SEO plugin v27.4 - https:\/\/yoast.com\/product\/yoast-seo-wordpress\/ -->\n<title>Cz\u0142onkowie - OOCR<\/title>\n<meta name=\"robots\" content=\"index, follow, max-snippet:-1, max-image-preview:large, max-video-preview:-1\" \/>\n<link rel=\"canonical\" href=\"https:\/\/vraji.sk\/pl\/czlonkowie\/\" \/>\n<meta property=\"og:locale\" content=\"pl_PL\" \/>\n<meta property=\"og:type\" content=\"article\" \/>\n<meta property=\"og:title\" content=\"Cz\u0142onkowie - OOCR\" \/>\n<meta property=\"og:url\" content=\"https:\/\/vraji.sk\/pl\/czlonkowie\/\" \/>\n<meta property=\"og:site_name\" content=\"OOCR\" \/>\n<meta name=\"twitter:card\" content=\"summary_large_image\" \/>\n<script type=\"application\/ld+json\" class=\"yoast-schema-graph\">{\"@context\":\"https:\\\/\\\/schema.org\",\"@graph\":[{\"@type\":\"WebPage\",\"@id\":\"https:\\\/\\\/vraji.sk\\\/pl\\\/czlonkowie\\\/\",\"url\":\"https:\\\/\\\/vraji.sk\\\/pl\\\/czlonkowie\\\/\",\"name\":\"Cz\u0142onkowie - OOCR\",\"isPartOf\":{\"@id\":\"https:\\\/\\\/vraji.sk\\\/pl\\\/#website\"},\"datePublished\":\"2026-02-04T12:47:13+00:00\",\"breadcrumb\":{\"@id\":\"https:\\\/\\\/vraji.sk\\\/pl\\\/czlonkowie\\\/#breadcrumb\"},\"inLanguage\":\"pl-PL\",\"potentialAction\":[{\"@type\":\"ReadAction\",\"target\":[\"https:\\\/\\\/vraji.sk\\\/pl\\\/czlonkowie\\\/\"]}]},{\"@type\":\"BreadcrumbList\",\"@id\":\"https:\\\/\\\/vraji.sk\\\/pl\\\/czlonkowie\\\/#breadcrumb\",\"itemListElement\":[{\"@type\":\"ListItem\",\"position\":1,\"name\":\"Home\",\"item\":\"https:\\\/\\\/vraji.sk\\\/pl\\\/strona-glowna\\\/\"},{\"@type\":\"ListItem\",\"position\":2,\"name\":\"Cz\u0142onkowie\"}]},{\"@type\":\"WebSite\",\"@id\":\"https:\\\/\\\/vraji.sk\\\/pl\\\/#website\",\"url\":\"https:\\\/\\\/vraji.sk\\\/pl\\\/\",\"name\":\"OOCR\",\"description\":\"Regi\u00f3n Slovensk\u00fd raj a Spi\u0161 | Z\u00e1\u017eitky, turistika, hist\u00f3ria | vRaji.sk\",\"publisher\":{\"@id\":\"https:\\\/\\\/vraji.sk\\\/pl\\\/#organization\"},\"potentialAction\":[{\"@type\":\"SearchAction\",\"target\":{\"@type\":\"EntryPoint\",\"urlTemplate\":\"https:\\\/\\\/vraji.sk\\\/pl\\\/?s={search_term_string}\"},\"query-input\":{\"@type\":\"PropertyValueSpecification\",\"valueRequired\":true,\"valueName\":\"search_term_string\"}}],\"inLanguage\":\"pl-PL\"},{\"@type\":\"Organization\",\"@id\":\"https:\\\/\\\/vraji.sk\\\/pl\\\/#organization\",\"name\":\"OOCR\",\"url\":\"https:\\\/\\\/vraji.sk\\\/pl\\\/\",\"logo\":{\"@type\":\"ImageObject\",\"inLanguage\":\"pl-PL\",\"@id\":\"https:\\\/\\\/vraji.sk\\\/pl\\\/#\\\/schema\\\/logo\\\/image\\\/\",\"url\":\"https:\\\/\\\/vraji.sk\\\/wp-content\\\/uploads\\\/2021\\\/11\\\/biele-logo-1.svg\",\"contentUrl\":\"https:\\\/\\\/vraji.sk\\\/wp-content\\\/uploads\\\/2021\\\/11\\\/biele-logo-1.svg\",\"caption\":\"OOCR\"},\"image\":{\"@id\":\"https:\\\/\\\/vraji.sk\\\/pl\\\/#\\\/schema\\\/logo\\\/image\\\/\"}}]}<\/script>\n<!-- \/ Yoast SEO plugin. -->","yoast_head_json":{"title":"Cz\u0142onkowie - OOCR","robots":{"index":"index","follow":"follow","max-snippet":"max-snippet:-1","max-image-preview":"max-image-preview:large","max-video-preview":"max-video-preview:-1"},"canonical":"https:\/\/vraji.sk\/pl\/czlonkowie\/","og_locale":"pl_PL","og_type":"article","og_title":"Cz\u0142onkowie - OOCR","og_url":"https:\/\/vraji.sk\/pl\/czlonkowie\/","og_site_name":"OOCR","twitter_card":"summary_large_image","schema":{"@context":"https:\/\/schema.org","@graph":[{"@type":"WebPage","@id":"https:\/\/vraji.sk\/pl\/czlonkowie\/","url":"https:\/\/vraji.sk\/pl\/czlonkowie\/","name":"Cz\u0142onkowie - OOCR","isPartOf":{"@id":"https:\/\/vraji.sk\/pl\/#website"},"datePublished":"2026-02-04T12:47:13+00:00","breadcrumb":{"@id":"https:\/\/vraji.sk\/pl\/czlonkowie\/#breadcrumb"},"inLanguage":"pl-PL","potentialAction":[{"@type":"ReadAction","target":["https:\/\/vraji.sk\/pl\/czlonkowie\/"]}]},{"@type":"BreadcrumbList","@id":"https:\/\/vraji.sk\/pl\/czlonkowie\/#breadcrumb","itemListElement":[{"@type":"ListItem","position":1,"name":"Home","item":"https:\/\/vraji.sk\/pl\/strona-glowna\/"},{"@type":"ListItem","position":2,"name":"Cz\u0142onkowie"}]},{"@type":"WebSite","@id":"https:\/\/vraji.sk\/pl\/#website","url":"https:\/\/vraji.sk\/pl\/","name":"OOCR","description":"Regi\u00f3n Slovensk\u00fd raj a Spi\u0161 | Z\u00e1\u017eitky, turistika, hist\u00f3ria | vRaji.sk","publisher":{"@id":"https:\/\/vraji.sk\/pl\/#organization"},"potentialAction":[{"@type":"SearchAction","target":{"@type":"EntryPoint","urlTemplate":"https:\/\/vraji.sk\/pl\/?s={search_term_string}"},"query-input":{"@type":"PropertyValueSpecification","valueRequired":true,"valueName":"search_term_string"}}],"inLanguage":"pl-PL"},{"@type":"Organization","@id":"https:\/\/vraji.sk\/pl\/#organization","name":"OOCR","url":"https:\/\/vraji.sk\/pl\/","logo":{"@type":"ImageObject","inLanguage":"pl-PL","@id":"https:\/\/vraji.sk\/pl\/#\/schema\/logo\/image\/","url":"https:\/\/vraji.sk\/wp-content\/uploads\/2021\/11\/biele-logo-1.svg","contentUrl":"https:\/\/vraji.sk\/wp-content\/uploads\/2021\/11\/biele-logo-1.svg","caption":"OOCR"},"image":{"@id":"https:\/\/vraji.sk\/pl\/#\/schema\/logo\/image\/"}}]}},"_links":{"self":[{"href":"https:\/\/vraji.sk\/pl\/wp-json\/wp\/v2\/pages\/21591","targetHints":{"allow":["GET"]}}],"collection":[{"href":"https:\/\/vraji.sk\/pl\/wp-json\/wp\/v2\/pages"}],"about":[{"href":"https:\/\/vraji.sk\/pl\/wp-json\/wp\/v2\/types\/page"}],"author":[{"embeddable":true,"href":"https:\/\/vraji.sk\/pl\/wp-json\/wp\/v2\/users\/1"}],"replies":[{"embeddable":true,"href":"https:\/\/vraji.sk\/pl\/wp-json\/wp\/v2\/comments?post=21591"}],"version-history":[{"count":0,"href":"https:\/\/vraji.sk\/pl\/wp-json\/wp\/v2\/pages\/21591\/revisions"}],"wp:attachment":[{"href":"https:\/\/vraji.sk\/pl\/wp-json\/wp\/v2\/media?parent=21591"}],"curies":[{"name":"wp","href":"https:\/\/api.w.org\/{rel}","templated":true}]}}