{"id":21592,"date":"2026-02-04T12:47:49","date_gmt":"2026-02-04T12:47:49","guid":{"rendered":"https:\/\/vraji.sk\/przewodnik-turystyczny\/"},"modified":"2026-02-04T12:47:51","modified_gmt":"2026-02-04T12:47:51","slug":"przewodnik-turystyczny","status":"publish","type":"page","link":"https:\/\/vraji.sk\/pl\/przewodnik-turystyczny\/","title":{"rendered":"Przewodnik turystyczny"},"content":{"rendered":"\n<h1 class=\"wp-block-heading has-text-align-center\">Przewodnik turystyczny<\/h1>\n\n<div class=\"row no-gutters justify-content-around position-relative py-45\">\n        <div class=\"col-12 col-md-3 text-center\">\n            <div class=\"tourist-guide-card\">\n                <img decoding=\"async\" class=\"rounded-circle mb-0 mb-md-45\" style=\"max-height: 120px;\" src=\"https:\/\/vraji.sk\/wp-content\/uploads\/2021\/12\/Naplanuj_vylet.svg\">\n\n                <div class=\"d-flex align-items-center justify-content-center ml-auto ml-md-0\">\n                    <h3 class=\"mb-0 text-white text-center\"><a href=\"..\/objav-region\/\" style=\"color:#FFFFFF;\">Zaplanuj swoj\u0105 podr\u00f3\u017c<\/a><\/h3>\n                <\/div>\n            <\/div>\n        <\/div>\n\n        <div class=\"col-12 col-md-3 text-center\">\n            <div class=\"tourist-guide-card\">\n                <img decoding=\"async\" class=\"rounded-circle mb-0 mb-md-45\" style=\"max-height: 120px;\" src=\"https:\/\/vraji.sk\/wp-content\/uploads\/2021\/12\/Ziskaj_mapu.svg\">\n\n                <div class=\"d-flex align-items-center justify-content-center ml-auto ml-md-0\">\n                    <h3 class=\"mb-0 text-white text-center\"><a href=\"#mapatuisticka1\" style=\"color:#FFFFFF;\">Pobierz map\u0119<\/a><\/h3>\n                <\/div>\n            <\/div>\n        <\/div>\n\n        <div class=\"col-12 col-md-3 text-center\">\n            <div class=\"tourist-guide-card\">\n                <img decoding=\"async\" class=\"rounded-circle mb-0 mb-md-45\" style=\"max-height: 120px;\" src=\"https:\/\/vraji.sk\/wp-content\/uploads\/2021\/12\/Pozri-pocasie.svg\">\n\n                <div class=\"d-flex align-items-center justify-content-center ml-auto ml-md-0\">\n                    <h3 class=\"mb-0 text-white text-center\"> <a href=\"#pocasiekotva\" style=\"color:#FFFFFF;\">Sprawd\u017a pogod\u0119<\/a>        <\/h3>\n                <\/div>\n            <\/div>\n        <\/div>\n\n        <div class=\"col-12 col-md-3 text-center\">\n            <div class=\"tourist-guide-card\">\n                <img decoding=\"async\" class=\"rounded-circle mb-0 mb-md-45\" style=\"max-height: 120px;\" src=\"https:\/\/vraji.sk\/wp-content\/uploads\/2021\/12\/Zbieraj_zazitky.svg\">\n\n                <div class=\"d-flex align-items-center justify-content-center ml-auto ml-md-0\">\n                    <h3 class=\"mb-0 text-white text-center\"><a href=\"..\/objav-region-typ\/zazitky\/\" style=\"color:#FFFFFF;\">Zbieraj do\u015bwiadczenia<\/a><\/h3>\n                <\/div>\n            <\/div>\n        <\/div>\n\n        <img decoding=\"async\" class=\"tourist-guide-card-img d-none d-md-block\" src=\"https:\/\/vraji.sk\/wp-content\/themes\/oocr-theme\/media\/tourist-guide\/line-horizontal.svg\" alt=\"\">\n        <img decoding=\"async\" class=\"tourist-guide-card-img d-block d-md-none\" src=\"https:\/\/vraji.sk\/wp-content\/themes\/oocr-theme\/media\/tourist-guide\/line-vertical.svg\">\n    <\/div>\n\n<div class=\"row\">\n    <div class=\"col\">\n        <hr class=\"mt-45 mb-45\">\n    <\/div>\n<\/div>\n<h1 class=\"wp-block-heading has-text-align-center\">Us\u0142ugi w regionie<\/h1>\n\n<div class=\"row\">\n            <div class=\"col-12 col-md-6 col-lg-3 pb-45\">\n\t\t\t            <a href=\"https:\/\/vraji.sk\/pl\/uslugi-w-regionie\/przygody\/\">\n                <div class=\"embed-responsive embed-responsive-1by1 rounded-lg box-shadow position-relative\">\n                    <img decoding=\"async\" style=\"filter:opacity(60%);\" class=\"embed-responsive-item\" style=\"object-fit: cover;\" src=\"https:\/\/vraji.sk\/wp-content\/uploads\/2021\/11\/Dobrodruzstvo-foto.jpg\">\n\n                    <div class=\"center-xy\">\n                        <p class=\"label-big text-black mb-0 text-nowrap\">Przygody<\/p>\n                    <\/div>\n                <\/div>\n            <\/a>\n        <\/div>\n            <div class=\"col-12 col-md-6 col-lg-3 pb-45\">\n\t\t\t            <a href=\"https:\/\/vraji.sk\/pl\/uslugi-w-regionie\/skosztuj-spisza\/\">\n                <div class=\"embed-responsive embed-responsive-1by1 rounded-lg box-shadow position-relative\">\n                    <img decoding=\"async\" style=\"filter:opacity(60%);\" class=\"embed-responsive-item\" style=\"object-fit: cover;\" src=\"https:\/\/vraji.sk\/wp-content\/uploads\/2021\/12\/Ochutnaj-spis.jpg\">\n\n                    <div class=\"center-xy\">\n                        <p class=\"label-big text-black mb-0 text-nowrap\">Skosztuj Spisza<\/p>\n                    <\/div>\n                <\/div>\n            <\/a>\n        <\/div>\n            <div class=\"col-12 col-md-6 col-lg-3 pb-45\">\n\t\t\t            <a href=\"https:\/\/vraji.sk\/pl\/uslugi-w-regionie\/odpocznij\/\">\n                <div class=\"embed-responsive embed-responsive-1by1 rounded-lg box-shadow position-relative\">\n                    <img decoding=\"async\" style=\"filter:opacity(60%);\" class=\"embed-responsive-item\" style=\"object-fit: cover;\" src=\"https:\/\/vraji.sk\/wp-content\/uploads\/2021\/12\/Oddychni-si.jpg\">\n\n                    <div class=\"center-xy\">\n                        <p class=\"label-big text-black mb-0 text-nowrap\">Odpocznij<\/p>\n                    <\/div>\n                <\/div>\n            <\/a>\n        <\/div>\n            <div class=\"col-12 col-md-6 col-lg-3 pb-45\">\n\t\t\t            <a href=\"https:\/\/vraji.sk\/pl\/uslugi-w-regionie\/zatrzymaj-sie\/\">\n                <div class=\"embed-responsive embed-responsive-1by1 rounded-lg box-shadow position-relative\">\n                    <img decoding=\"async\" style=\"filter:opacity(60%);\" class=\"embed-responsive-item\" style=\"object-fit: cover;\" src=\"https:\/\/vraji.sk\/wp-content\/uploads\/2021\/12\/ubytuj-sa-.jpg\">\n\n                    <div class=\"center-xy\">\n                        <p class=\"label-big text-black mb-0 text-nowrap\">Zatrzymaj si\u0119<\/p>\n                    <\/div>\n                <\/div>\n            <\/a>\n        <\/div>\n    <\/div>\n\n<div class=\"row\">\n    <div class=\"col\">\n        <hr class=\"mt-45 mb-45\">\n    <\/div>\n<\/div>\n<h2 class=\"wp-block-heading has-text-align-center\" id=\"mapatuisticka1\">Mapa turystyczna<\/h2>\n\n<p>Z nasz\u0105 interaktywn\u0105 map\u0105 nie zgubisz si\u0119 nawet w Stratena. Oferuje ona wszystkie wa\u017cne informacje o szlakach turystycznych, trasach rowerowych, g\u00f3rach, punktach widokowych, obiektach noclegowych i poradach gastronomicznych. Wybierz si\u0119 na wycieczk\u0119 z map\u0105 turystyczn\u0105 i odkryj wszystkie uroki regionu Spisz.  <\/p>\n\n<div class=\"row\">\n    <div class=\"col\">\n        <!-- 16:9 aspect ratio -->\n        <div class=\"embed-responsive embed-responsive-2by1\">\n            <iframe class=\"embed-responsive-item\" src=\"https:\/\/www.google.com\/maps\/d\/embed?mid=19v26FV_s7l7Vq4tBtooG9fYqqxBipCJH\"><\/iframe>\n        <\/div>\n    <\/div>\n<\/div>\n<div class=\"row\">\n    <div class=\"col\">\n        <hr class=\"mt-45 mb-45\">\n    <\/div>\n<\/div>\n<h2 class=\"wp-block-heading has-text-align-center\">\u015aled\u017a wiadomo\u015bci z regionu<\/h2>\n\n<div class=\"row\">\n    <div class=\"col-md-6 pb-45\">\n        <div class=\"embed-responsive embed-responsive-16by9\">\n            <iframe src=\"https:\/\/www.youtube.com\/embed\/B-NX23Oas5s\" title=\"YouTube video player\" frameborder=\"0\" allow=\"accelerometer; autoplay; clipboard-write; encrypted-media; gyroscope; picture-in-picture\" allowfullscreen><\/iframe>\n        <\/div>\n    <\/div>\n    <div class=\"col-md-6 pb-45\">\n        <div class=\"embed-responsive embed-responsive-16by9\">\n            <iframe src=\"https:\/\/www.youtube.com\/embed\/QUJJRhLQmls\" title=\"YouTube video player\" frameborder=\"0\" allow=\"accelerometer; autoplay; clipboard-write; encrypted-media; gyroscope; picture-in-picture\" allowfullscreen><\/iframe>\n        <\/div>\n    <\/div>\n<\/div>\n<p id=\"pocasiekotva\"><\/p>\n","protected":false},"excerpt":{"rendered":"<p>Przewodnik turystyczny Us\u0142ugi w regionie Mapa turystyczna Z nasz\u0105 interaktywn\u0105 map\u0105 nie zgubisz <\/p>\n","protected":false},"author":1,"featured_media":0,"parent":0,"menu_order":0,"comment_status":"closed","ping_status":"closed","template":"page-templates\/full-width-page.php","meta":{"_acf_changed":false,"footnotes":""},"class_list":["post-21592","page","type-page","status-publish","hentry"],"acf":[],"yoast_head":"<!-- This site is optimized with the Yoast SEO plugin v27.4 - https:\/\/yoast.com\/product\/yoast-seo-wordpress\/ -->\n<title>Przewodnik turystyczny - OOCR<\/title>\n<meta name=\"robots\" content=\"index, follow, max-snippet:-1, max-image-preview:large, max-video-preview:-1\" \/>\n<link rel=\"canonical\" href=\"https:\/\/vraji.sk\/pl\/przewodnik-turystyczny\/\" \/>\n<meta property=\"og:locale\" content=\"pl_PL\" \/>\n<meta property=\"og:type\" content=\"article\" \/>\n<meta property=\"og:title\" content=\"Przewodnik turystyczny - OOCR\" \/>\n<meta property=\"og:description\" content=\"Przewodnik turystyczny Us\u0142ugi w regionie Mapa turystyczna Z nasz\u0105 interaktywn\u0105 map\u0105 nie zgubisz\" \/>\n<meta property=\"og:url\" content=\"https:\/\/vraji.sk\/pl\/przewodnik-turystyczny\/\" \/>\n<meta property=\"og:site_name\" content=\"OOCR\" \/>\n<meta property=\"article:modified_time\" content=\"2026-02-04T12:47:51+00:00\" \/>\n<meta name=\"twitter:card\" content=\"summary_large_image\" \/>\n<script type=\"application\/ld+json\" class=\"yoast-schema-graph\">{\"@context\":\"https:\\\/\\\/schema.org\",\"@graph\":[{\"@type\":\"WebPage\",\"@id\":\"https:\\\/\\\/vraji.sk\\\/pl\\\/przewodnik-turystyczny\\\/\",\"url\":\"https:\\\/\\\/vraji.sk\\\/pl\\\/przewodnik-turystyczny\\\/\",\"name\":\"Przewodnik turystyczny - OOCR\",\"isPartOf\":{\"@id\":\"https:\\\/\\\/vraji.sk\\\/pl\\\/#website\"},\"datePublished\":\"2026-02-04T12:47:49+00:00\",\"dateModified\":\"2026-02-04T12:47:51+00:00\",\"breadcrumb\":{\"@id\":\"https:\\\/\\\/vraji.sk\\\/pl\\\/przewodnik-turystyczny\\\/#breadcrumb\"},\"inLanguage\":\"pl-PL\",\"potentialAction\":[{\"@type\":\"ReadAction\",\"target\":[\"https:\\\/\\\/vraji.sk\\\/pl\\\/przewodnik-turystyczny\\\/\"]}]},{\"@type\":\"BreadcrumbList\",\"@id\":\"https:\\\/\\\/vraji.sk\\\/pl\\\/przewodnik-turystyczny\\\/#breadcrumb\",\"itemListElement\":[{\"@type\":\"ListItem\",\"position\":1,\"name\":\"Home\",\"item\":\"https:\\\/\\\/vraji.sk\\\/pl\\\/strona-glowna\\\/\"},{\"@type\":\"ListItem\",\"position\":2,\"name\":\"Przewodnik turystyczny\"}]},{\"@type\":\"WebSite\",\"@id\":\"https:\\\/\\\/vraji.sk\\\/pl\\\/#website\",\"url\":\"https:\\\/\\\/vraji.sk\\\/pl\\\/\",\"name\":\"OOCR\",\"description\":\"Regi\u00f3n Slovensk\u00fd raj a Spi\u0161 | Z\u00e1\u017eitky, turistika, hist\u00f3ria | vRaji.sk\",\"publisher\":{\"@id\":\"https:\\\/\\\/vraji.sk\\\/pl\\\/#organization\"},\"potentialAction\":[{\"@type\":\"SearchAction\",\"target\":{\"@type\":\"EntryPoint\",\"urlTemplate\":\"https:\\\/\\\/vraji.sk\\\/pl\\\/?s={search_term_string}\"},\"query-input\":{\"@type\":\"PropertyValueSpecification\",\"valueRequired\":true,\"valueName\":\"search_term_string\"}}],\"inLanguage\":\"pl-PL\"},{\"@type\":\"Organization\",\"@id\":\"https:\\\/\\\/vraji.sk\\\/pl\\\/#organization\",\"name\":\"OOCR\",\"url\":\"https:\\\/\\\/vraji.sk\\\/pl\\\/\",\"logo\":{\"@type\":\"ImageObject\",\"inLanguage\":\"pl-PL\",\"@id\":\"https:\\\/\\\/vraji.sk\\\/pl\\\/#\\\/schema\\\/logo\\\/image\\\/\",\"url\":\"https:\\\/\\\/vraji.sk\\\/wp-content\\\/uploads\\\/2021\\\/11\\\/biele-logo-1.svg\",\"contentUrl\":\"https:\\\/\\\/vraji.sk\\\/wp-content\\\/uploads\\\/2021\\\/11\\\/biele-logo-1.svg\",\"caption\":\"OOCR\"},\"image\":{\"@id\":\"https:\\\/\\\/vraji.sk\\\/pl\\\/#\\\/schema\\\/logo\\\/image\\\/\"}}]}<\/script>\n<!-- \/ Yoast SEO plugin. -->","yoast_head_json":{"title":"Przewodnik turystyczny - OOCR","robots":{"index":"index","follow":"follow","max-snippet":"max-snippet:-1","max-image-preview":"max-image-preview:large","max-video-preview":"max-video-preview:-1"},"canonical":"https:\/\/vraji.sk\/pl\/przewodnik-turystyczny\/","og_locale":"pl_PL","og_type":"article","og_title":"Przewodnik turystyczny - OOCR","og_description":"Przewodnik turystyczny Us\u0142ugi w regionie Mapa turystyczna Z nasz\u0105 interaktywn\u0105 map\u0105 nie zgubisz","og_url":"https:\/\/vraji.sk\/pl\/przewodnik-turystyczny\/","og_site_name":"OOCR","article_modified_time":"2026-02-04T12:47:51+00:00","twitter_card":"summary_large_image","schema":{"@context":"https:\/\/schema.org","@graph":[{"@type":"WebPage","@id":"https:\/\/vraji.sk\/pl\/przewodnik-turystyczny\/","url":"https:\/\/vraji.sk\/pl\/przewodnik-turystyczny\/","name":"Przewodnik turystyczny - OOCR","isPartOf":{"@id":"https:\/\/vraji.sk\/pl\/#website"},"datePublished":"2026-02-04T12:47:49+00:00","dateModified":"2026-02-04T12:47:51+00:00","breadcrumb":{"@id":"https:\/\/vraji.sk\/pl\/przewodnik-turystyczny\/#breadcrumb"},"inLanguage":"pl-PL","potentialAction":[{"@type":"ReadAction","target":["https:\/\/vraji.sk\/pl\/przewodnik-turystyczny\/"]}]},{"@type":"BreadcrumbList","@id":"https:\/\/vraji.sk\/pl\/przewodnik-turystyczny\/#breadcrumb","itemListElement":[{"@type":"ListItem","position":1,"name":"Home","item":"https:\/\/vraji.sk\/pl\/strona-glowna\/"},{"@type":"ListItem","position":2,"name":"Przewodnik turystyczny"}]},{"@type":"WebSite","@id":"https:\/\/vraji.sk\/pl\/#website","url":"https:\/\/vraji.sk\/pl\/","name":"OOCR","description":"Regi\u00f3n Slovensk\u00fd raj a Spi\u0161 | Z\u00e1\u017eitky, turistika, hist\u00f3ria | vRaji.sk","publisher":{"@id":"https:\/\/vraji.sk\/pl\/#organization"},"potentialAction":[{"@type":"SearchAction","target":{"@type":"EntryPoint","urlTemplate":"https:\/\/vraji.sk\/pl\/?s={search_term_string}"},"query-input":{"@type":"PropertyValueSpecification","valueRequired":true,"valueName":"search_term_string"}}],"inLanguage":"pl-PL"},{"@type":"Organization","@id":"https:\/\/vraji.sk\/pl\/#organization","name":"OOCR","url":"https:\/\/vraji.sk\/pl\/","logo":{"@type":"ImageObject","inLanguage":"pl-PL","@id":"https:\/\/vraji.sk\/pl\/#\/schema\/logo\/image\/","url":"https:\/\/vraji.sk\/wp-content\/uploads\/2021\/11\/biele-logo-1.svg","contentUrl":"https:\/\/vraji.sk\/wp-content\/uploads\/2021\/11\/biele-logo-1.svg","caption":"OOCR"},"image":{"@id":"https:\/\/vraji.sk\/pl\/#\/schema\/logo\/image\/"}}]}},"_links":{"self":[{"href":"https:\/\/vraji.sk\/pl\/wp-json\/wp\/v2\/pages\/21592","targetHints":{"allow":["GET"]}}],"collection":[{"href":"https:\/\/vraji.sk\/pl\/wp-json\/wp\/v2\/pages"}],"about":[{"href":"https:\/\/vraji.sk\/pl\/wp-json\/wp\/v2\/types\/page"}],"author":[{"embeddable":true,"href":"https:\/\/vraji.sk\/pl\/wp-json\/wp\/v2\/users\/1"}],"replies":[{"embeddable":true,"href":"https:\/\/vraji.sk\/pl\/wp-json\/wp\/v2\/comments?post=21592"}],"version-history":[{"count":1,"href":"https:\/\/vraji.sk\/pl\/wp-json\/wp\/v2\/pages\/21592\/revisions"}],"predecessor-version":[{"id":21593,"href":"https:\/\/vraji.sk\/pl\/wp-json\/wp\/v2\/pages\/21592\/revisions\/21593"}],"wp:attachment":[{"href":"https:\/\/vraji.sk\/pl\/wp-json\/wp\/v2\/media?parent=21592"}],"curies":[{"name":"wp","href":"https:\/\/api.w.org\/{rel}","templated":true}]}}